{"id":2,"date":"2024-09-24T16:12:12","date_gmt":"2024-09-24T16:12:12","guid":{"rendered":"https:\/\/mona-space.sk\/?page_id=2"},"modified":"2025-08-08T15:11:20","modified_gmt":"2025-08-08T15:11:20","slug":"sample-page","status":"publish","type":"page","link":"https:\/\/mona-space.sk\/","title":{"rendered":"Vitajte"},"content":{"rendered":"\t\t<div data-elementor-type=\"wp-page\" data-elementor-id=\"2\" class=\"elementor elementor-2\">\n\t\t\t\t<div class=\"elementor-element elementor-element-4d9d591 e-flex e-con-boxed e-con e-parent\" data-id=\"4d9d591\" data-element_type=\"container\">\n\t\t\t\t\t<div class=\"e-con-inner\">\n\t\t<div class=\"elementor-element elementor-element-c05905a e-con-full e-flex e-con e-child\" data-id=\"c05905a\" data-element_type=\"container\">\n\t\t\t\t<div class=\"elementor-element elementor-element-281984b6 elementor-widget elementor-widget-text-editor\" data-id=\"281984b6\" data-element_type=\"widget\" data-widget_type=\"text-editor.default\">\n\t\t\t\t<div class=\"elementor-widget-container\">\n\t\t\t\t\t\t\t\t\t<p style=\"text-align: left;\">\u00a0 \u00a0 \u00a0 \u00a0 Vol\u00e1m sa Monika Kubi\u0161ov\u00e1 a som numerologi\u010dka. Pom\u00e1ham \u013eu\u010fom objavi\u0165 hlb\u0161ie\u00a0 s\u00favislosti v ich \u017eivote cez d\u00e1tum narodenia \u2013 vz\u0165ahy s bl\u00edzkymi, \u017eivotn\u00e9 situ\u00e1cie a ich pr\u00ed\u010diny, hlb\u0161ie sebapoznanie. N\u00e1\u0161 d\u00e1tum narodenia do istej miery predur\u010duje n\u00e1\u0161 osud, no ver\u00edm, \u017ee m\u00e1me slobodn\u00fa v\u00f4\u013eu a sme spolutvorcami na\u0161ich \u017eivotov.\u00a0<\/p><p style=\"text-align: left;\"><span style=\"color: var( --e-global-color-text ); font-family: var( --e-global-typography-text-font-family ), Sans-serif; font-size: 1rem; font-weight: var( --e-global-typography-text-font-weight ); text-align: var(--text-align);\">\u00a0 \u00a0 \u00a0 \u00a0 \u010casto kr\u00e1t n\u00e1m v ceste za \u0161\u0165astnej\u0161\u00edm a spokojnej\u0161\u00edm \u017eivotom stoja na\u0161e zranenia z minulosti, alebo limituj\u00face presved\u010denia a programy, ktor\u00e9 sme prijali za svoje. Ver\u00edm, \u017ee ke\u010f tieto prek\u00e1\u017eky uvo\u013en\u00edme, odpust\u00edme a pochop\u00edme n\u00e1\u0161 \u017eivot sa \u017ea\u010dne meni\u0165. <\/span><\/p><p style=\"text-align: left;\"><span style=\"color: var( --e-global-color-text ); font-family: var( --e-global-typography-text-font-family ), Sans-serif; font-size: 1rem; font-weight: var( --e-global-typography-text-font-weight ); text-align: var(--text-align);\">\u00a0 \u00a0 \u00a0 \u00a0 Preto s klientkami nielen objavujeme ich \u017eivotn\u00fa cestu, ale tie\u017e pracujeme na uvo\u013enen\u00ed star\u00fdch zranen\u00ed, presved\u010den\u00ed a programov, aby mohli \u017ei\u0165 viac naplno. \u010c\u00edsla v d\u00e1tume narodenia mi pom\u00e1haj\u00fa lep\u0161ie pochopi\u0165 ich vn\u00fatorn\u00fd svet, to, v akom \u017eivotnom obdob\u00ed sa nach\u00e1dzaj\u00fa, ak\u00e9 v\u00fdzvy maj\u00fa prekona\u0165, a ak\u00e9 \u017eivotn\u00e9 poslanie naplni\u0165.<\/span><\/p><p><!-- \/wp:paragraph --><\/p>\t\t\t\t\t\t\t\t<\/div>\n\t\t\t\t<\/div>\n\t\t\t\t<\/div>\n\t\t<div class=\"elementor-element elementor-element-04f39f1 e-con-full e-flex e-con e-child\" data-id=\"04f39f1\" data-element_type=\"container\">\n\t\t\t\t<div class=\"elementor-element elementor-element-c531651 elementor-widget elementor-widget-image\" data-id=\"c531651\" data-element_type=\"widget\" data-widget_type=\"image.default\">\n\t\t\t\t<div class=\"elementor-widget-container\">\n\t\t\t\t\t\t\t\t\t\t\t\t\t\t\t<img decoding=\"async\" src=\"https:\/\/mona-space.sk\/wp-content\/uploads\/elementor\/thumbs\/WhatsApp-Image-2024-12-27-at-18.01.36-qz4utf461v89g7c2z7k81eldsitu3d2r95i9v0hrxc.jpeg\" title=\"WhatsApp Image 2024-12-27 at 18.01.36\" alt=\"WhatsApp Image 2024-12-27 at 18.01.36\" loading=\"lazy\" \/>\t\t\t\t\t\t\t\t\t\t\t\t\t\t\t<\/div>\n\t\t\t\t<\/div>\n\t\t\t\t<\/div>\n\t\t\t\t\t<\/div>\n\t\t\t\t<\/div>\n\t\t<div class=\"elementor-element elementor-element-389aa483 e-flex e-con-boxed e-con e-parent\" data-id=\"389aa483\" data-element_type=\"container\">\n\t\t\t\t\t<div class=\"e-con-inner\">\n\t\t\t\t<div class=\"elementor-element elementor-element-e96cd30 elementor-widget elementor-widget-heading\" data-id=\"e96cd30\" data-element_type=\"widget\" data-widget_type=\"heading.default\">\n\t\t\t\t<div class=\"elementor-widget-container\">\n\t\t\t\t\t<h2 class=\"elementor-heading-title elementor-size-default\">Moje poslanie<\/h2>\t\t\t\t<\/div>\n\t\t\t\t<\/div>\n\t\t\t\t<div class=\"elementor-element elementor-element-5e6463e elementor-widget elementor-widget-text-editor\" data-id=\"5e6463e\" data-element_type=\"widget\" data-widget_type=\"text-editor.default\">\n\t\t\t\t<div class=\"elementor-widget-container\">\n\t\t\t\t\t\t\t\t\t<p>\u00a0 \u00a0 \u00a0 \u00a0Milujem, ke\u010f \u013eudia dok\u00e1\u017eu odhodi\u0165 bremeno svojich z\u00e1\u0165a\u017e\u00ed a otvori\u0165 sa <span style=\"color: var( --e-global-color-text ); font-family: var( --e-global-typography-text-font-family ), Sans-serif; font-weight: var( --e-global-typography-text-font-weight ); text-align: var(--text-align); font-size: 1rem;\">nov\u00fdm mo\u017enostiam v \u017eivote. <\/span><span style=\"color: var( --e-global-color-text ); font-family: var( --e-global-typography-text-font-family ), Sans-serif; font-weight: var( --e-global-typography-text-font-weight ); text-align: var(--text-align); font-size: 1rem;\">Pri konzult\u00e1ci\u00e1ch spolo\u010dne <\/span><span style=\"color: var( --e-global-color-text ); font-family: var( --e-global-typography-text-font-family ), Sans-serif; font-weight: var( --e-global-typography-text-font-weight ); text-align: var(--text-align); font-size: 1rem;\">odha\u013eujeme najtemnej\u0161ie miesta, ktor\u00e9 \u010dakaj\u00fa na uzdravenie, pochopenie\u00a0<\/span><span style=\"color: var( --e-global-color-text ); font-family: var( --e-global-typography-text-font-family ), Sans-serif; font-weight: var( --e-global-typography-text-font-weight ); text-align: var(--text-align); font-size: 1rem;\">a prijatie.<\/span><\/p><p>\u010eal\u0161ou mojou ve\u013ekou v\u00e1\u0161\u0148ou je joga.\u00a0Som certifikovan\u00e1 <strong data-start=\"229\" data-end=\"250\">in\u0161truktorka jogy<\/strong> zdrav\u00fd chrb\u00e1t a power jogy.\u00a0 Joga mi priniesla viac ne\u017e len fyzick\u00fa \u00fa\u013eavu \u2013 <strong data-start=\"315\" data-end=\"385\">otvorila mi dvere k vn\u00fatorn\u00e9mu pokoju, jasnosti a nov\u00fdm mo\u017enostiam<\/strong>.<\/p><p data-start=\"521\" data-end=\"738\">Na mojich hodin\u00e1ch <strong data-start=\"540\" data-end=\"567\">prep\u00e1jam viacero svetov<\/strong> \u2013 jemnos\u0165 jogy, v\u00f4ne esenci\u00e1lnych olejov, vedom\u00fd dych, mindfulness techniky aj numerologick\u00e9 vh\u013eady.<br data-start=\"668\" data-end=\"671\" \/>Ka\u017ed\u00e9 stretnutie je in\u00e9, prisp\u00f4soben\u00e9 aktu\u00e1lnej energii aj skupine.<\/p><p data-start=\"740\" data-end=\"900\">V\u0161etko, \u010do u\u010d\u00edm, sama <strong data-start=\"762\" data-end=\"790\">\u017eijem a overujem na sebe<\/strong>. Mojou v\u00edziou je vytv\u00e1ra\u0165 <strong data-start=\"817\" data-end=\"899\">priestor, kde sa \u013eudia m\u00f4\u017eu bezpe\u010dne uvo\u013eni\u0165, na\u010derpa\u0165 a n\u00e1js\u0165 sp\u00e4\u0165 svoju silu<\/strong>.<\/p><p data-start=\"902\" data-end=\"997\">Ak c\u00edti\u0161, \u017ee je \u010das dopria\u0165 si viac starostlivosti, spomalenia a spojenia so sebou \u2013 si v\u00edtan\u00e1. Ver\u00edm, \u017ee ka\u017ed\u00fd m\u00e1 v sebe schopnos\u0165 zmeni\u0165 svoj \u017eivot k lep\u0161iemu. <strong data-start=\"750\" data-end=\"770\">Sta\u010d\u00ed len za\u010da\u0165.<\/strong><br data-start=\"770\" data-end=\"773\" \/><br \/><\/p><p data-start=\"902\" data-end=\"997\">Z tejto v\u00edzie vznikol aj n\u00e1\u0161 nov\u00fd priestor <strong data-start=\"628\" data-end=\"642\">Mona Space<\/strong> \u2013 miesto pre telo, du\u0161u a vedom\u00fd \u017eivot.\u00a0<\/p>\t\t\t\t\t\t\t\t<\/div>\n\t\t\t\t<\/div>\n\t\t\t\t<div class=\"elementor-element elementor-element-a763915 elementor-widget elementor-widget-text-editor\" data-id=\"a763915\" data-element_type=\"widget\" data-widget_type=\"text-editor.default\">\n\t\t\t\t<div class=\"elementor-widget-container\">\n\t\t\t\t\t\t\t\t\t<blockquote><p><span style=\"color: #d98573;\"><strong><em>Nie si bezmocn\u00e1. Si spolutvorky\u0148a svojej reality. Ot\u00e1zka znie: je to realita, ktor\u00fa naozaj chce\u0161, alebo si nevedomky tvor\u00ed\u0161 to, \u010do nechce\u0161?<\/em><\/strong><\/span><\/p><\/blockquote>\t\t\t\t\t\t\t\t<\/div>\n\t\t\t\t<\/div>\n\t\t\t\t\t<\/div>\n\t\t\t\t<\/div>\n\t\t<div class=\"elementor-element elementor-element-d7f4058 e-flex e-con-boxed e-con e-parent\" data-id=\"d7f4058\" data-element_type=\"container\">\n\t\t\t\t\t<div class=\"e-con-inner\">\n\t\t\t\t<div class=\"elementor-element elementor-element-047d2ac elementor-widget elementor-widget-text-editor\" data-id=\"047d2ac\" data-element_type=\"widget\" data-widget_type=\"text-editor.default\">\n\t\t\t\t<div class=\"elementor-widget-container\">\n\t\t\t\t\t\t\t\t\t<div>\u00a0<\/div><p>\u00a0 \u00a0 \u00a0 \u00a0 \u00a0Sme spolutvorcami na\u0161ich \u017eivotov. Ver\u00edm, \u017ee n\u00e1\u0161 osud je n\u00e1m do ur\u010ditej miery dan\u00fd, ale do ve\u013ekej miery ho m\u00f4\u017eeme a vieme ovplyvni\u0165. Sta\u0148 sa spolutvorcom svojho \u017eivota.<\/p>\t\t\t\t\t\t\t\t<\/div>\n\t\t\t\t<\/div>\n\t\t<div class=\"elementor-element elementor-element-b17ab1c e-grid e-con-full e-con e-child\" data-id=\"b17ab1c\" data-element_type=\"container\">\n\t\t\t\t<div class=\"elementor-element elementor-element-6a942a2 elementor-widget elementor-widget-image\" data-id=\"6a942a2\" data-element_type=\"widget\" data-widget_type=\"image.default\">\n\t\t\t\t<div class=\"elementor-widget-container\">\n\t\t\t\t\t\t\t\t\t\t\t\t\t\t\t<img fetchpriority=\"high\" decoding=\"async\" width=\"800\" height=\"800\" src=\"https:\/\/mona-space.sk\/wp-content\/uploads\/2024\/12\/23163702_6694647-1024x1024.jpg\" class=\"attachment-large size-large wp-image-198\" alt=\"\" \/>\t\t\t\t\t\t\t\t\t\t\t\t\t\t\t<\/div>\n\t\t\t\t<\/div>\n\t\t\t\t<div class=\"elementor-element elementor-element-7c12aa7 elementor-widget elementor-widget-image\" data-id=\"7c12aa7\" data-element_type=\"widget\" data-widget_type=\"image.default\">\n\t\t\t\t<div class=\"elementor-widget-container\">\n\t\t\t\t\t\t\t\t\t\t\t\t\t\t\t<img decoding=\"async\" width=\"400\" height=\"400\" src=\"https:\/\/mona-space.sk\/wp-content\/uploads\/2024\/12\/23163723_6686144-e1735390133986.jpg\" class=\"attachment-full size-full wp-image-196\" alt=\"\" \/>\t\t\t\t\t\t\t\t\t\t\t\t\t\t\t<\/div>\n\t\t\t\t<\/div>\n\t\t\t\t<div class=\"elementor-element elementor-element-0a4ab4d elementor-widget elementor-widget-image\" data-id=\"0a4ab4d\" data-element_type=\"widget\" data-widget_type=\"image.default\">\n\t\t\t\t<div class=\"elementor-widget-container\">\n\t\t\t\t\t\t\t\t\t\t\t\t\t\t\t<img decoding=\"async\" width=\"800\" height=\"800\" src=\"https:\/\/mona-space.sk\/wp-content\/uploads\/2024\/12\/24999078_7042217-1024x1024.jpg\" class=\"attachment-large size-large wp-image-195\" alt=\"\" \/>\t\t\t\t\t\t\t\t\t\t\t\t\t\t\t<\/div>\n\t\t\t\t<\/div>\n\t\t\t\t<div class=\"elementor-element elementor-element-f1e72c9 elementor-widget elementor-widget-image\" data-id=\"f1e72c9\" data-element_type=\"widget\" data-widget_type=\"image.default\">\n\t\t\t\t<div class=\"elementor-widget-container\">\n\t\t\t\t\t\t\t\t\t\t\t\t\t\t\t<img loading=\"lazy\" decoding=\"async\" width=\"800\" height=\"800\" src=\"https:\/\/mona-space.sk\/wp-content\/uploads\/2024\/12\/23163742_6647997-1024x1024.jpg\" class=\"attachment-large size-large wp-image-197\" alt=\"\" \/>\t\t\t\t\t\t\t\t\t\t\t\t\t\t\t<\/div>\n\t\t\t\t<\/div>\n\t\t\t\t<div class=\"elementor-element elementor-element-26fb76a elementor-widget elementor-widget-text-editor\" data-id=\"26fb76a\" data-element_type=\"widget\" data-widget_type=\"text-editor.default\">\n\t\t\t\t<div class=\"elementor-widget-container\">\n\t\t\t\t\t\t\t\t\t<p><span style=\"white-space-collapse: preserve;\">Pochop svoje dary, v\u00fdzvy, karmu a poslanie, aby si vedela pracova\u0165 s t\u00fdm, \u010do ti bolo dan\u00e9.<\/span><\/p>\t\t\t\t\t\t\t\t<\/div>\n\t\t\t\t<\/div>\n\t\t\t\t<div class=\"elementor-element elementor-element-e40ee69 elementor-widget elementor-widget-text-editor\" data-id=\"e40ee69\" data-element_type=\"widget\" data-widget_type=\"text-editor.default\">\n\t\t\t\t<div class=\"elementor-widget-container\">\n\t\t\t\t\t\t\t\t\t<p>Zbav sa limituj\u00facich presved\u010den\u00ed, ktor\u00e9 \u0165a brzdia v tvojom raste.<\/p>\t\t\t\t\t\t\t\t<\/div>\n\t\t\t\t<\/div>\n\t\t\t\t<div class=\"elementor-element elementor-element-e8c5d61 elementor-widget elementor-widget-text-editor\" data-id=\"e8c5d61\" data-element_type=\"widget\" data-widget_type=\"text-editor.default\">\n\t\t\t\t<div class=\"elementor-widget-container\">\n\t\t\t\t\t\t\t\t\t<p><span style=\"white-space-collapse: preserve;\">Zme\u0148 my\u0161lienky, pocity, a vyst\u00fap z tie\u0148ov, ktor\u00e9 \u0165a obmedzuj\u00fa.<\/span><\/p>\t\t\t\t\t\t\t\t<\/div>\n\t\t\t\t<\/div>\n\t\t\t\t<div class=\"elementor-element elementor-element-4bf2c11 elementor-widget elementor-widget-text-editor\" data-id=\"4bf2c11\" data-element_type=\"widget\" data-widget_type=\"text-editor.default\">\n\t\t\t\t<div class=\"elementor-widget-container\">\n\t\t\t\t\t\t\t\t\t<span >Uvo\u013enen\u00fd priestor zapl\u0148 svojimi prianiami, v\u00edziami a snami.\n<\/span>\t\t\t\t\t\t\t\t<\/div>\n\t\t\t\t<\/div>\n\t\t\t\t<\/div>\n\t\t\t\t\t<\/div>\n\t\t\t\t<\/div>\n\t\t<div class=\"elementor-element elementor-element-ad21bdc e-flex e-con-boxed e-con e-parent\" data-id=\"ad21bdc\" data-element_type=\"container\">\n\t\t\t\t\t<div class=\"e-con-inner\">\n\t\t\t\t<div class=\"elementor-element elementor-element-c7dbcbd elementor-widget elementor-widget-heading\" data-id=\"c7dbcbd\" data-element_type=\"widget\" data-widget_type=\"heading.default\">\n\t\t\t\t<div class=\"elementor-widget-container\">\n\t\t\t\t\t<h2 class=\"elementor-heading-title elementor-size-default\">Recenzie<\/h2>\t\t\t\t<\/div>\n\t\t\t\t<\/div>\n\t\t\t\t\t<\/div>\n\t\t\t\t<\/div>\n\t\t<div class=\"elementor-element elementor-element-cff6782 e-flex e-con-boxed e-con e-parent\" data-id=\"cff6782\" data-element_type=\"container\">\n\t\t\t\t\t<div class=\"e-con-inner\">\n\t\t\t\t<div class=\"elementor-element elementor-element-fc48be0 elementor-widget elementor-widget-text-editor\" data-id=\"fc48be0\" data-element_type=\"widget\" data-widget_type=\"text-editor.default\">\n\t\t\t\t<div class=\"elementor-widget-container\">\n\t\t\t\t\t\t\t\t\t<div style=\"display: flex; flex-wrap: wrap; gap: 20px; padding: 20px; justify-content: center; width: 100%; box-sizing: border-box;\">\n \n <div style=\"background: #fff; border: 1px solid #e5e5e5; border-radius: 12px; padding: 20px; box-shadow: 0 4px 10px rgba(0,0,0,0.05); flex: 1 1 280px; max-width: 300px; font-family: Arial, sans-serif; box-sizing: border-box;\">\n   <p style=\"font-style: italic; font-size: 0.95rem; color: #444; margin-bottom: 15px; line-height: 1.4;\">\n     \u201eMil\u00e1 Monika, Z tvojho kurzu \u017eijem u\u017e druh\u00fd de\u0148, v\u0161etky d\u00e1tumy \u010di in\u00e9 \u010d\u00edsla chcem spo\u010d\u00edtava\u0165 a kresli\u0165 h\u013ead\u00e1m pozn\u00e1mky v zo\u0161ite a skript\u00e1ch, \u010do si pre n\u00e1s pripravila. Tvoj kurz bol \u00faplne fantastick\u00fd, dala si mi obrovsk\u00e9 mno\u017estvo inform\u00e1cii a vedomost\u00ed, ktor\u00e9 by si \u010dlovek nena\u0161iel len tak, hocikde. Som ti v\u010fa\u010dn\u00e1, \u017ee si tak\u00fdto kurz zorganizovala, som si v\u010fa\u010dn\u00e1 , \u017ee som na tento kurz pri\u0161la. C\u00edtim, \u017ee sa vo mne zap\u00e1lil plamienok, ktor\u00fd sa budem sna\u017ei\u0165 \u010fal\u0161\u00edm poznan\u00edm \u010do najviac rozd\u00facha\u0165. Te\u0161\u00edm sa na \u010fal\u0161ie poznanie, ku ktor\u00e9mu pr\u00eddem svojim vlastn\u00fdm \u0161t\u00fadiom a tak isto aj cez \u010fal\u0161ie kurzy s Monikou. E\u0161te raz \u010fakujem a Monikin numerologick\u00fd kurz odpor\u00fa\u010dam v\u0161etk\u00fdmi prstami!&#8221;\n   <\/p>\n   <p style=\"font-weight: bold; color: #222; text-align: right; margin: 0;\">\u2013 Darinka<\/p>\n <\/div>\n\n <div style=\"background: #fff; border: 1px solid #e5e5e5; border-radius: 12px; padding: 20px; box-shadow: 0 4px 10px rgba(0,0,0,0.05); flex: 1 1 280px; max-width: 300px; font-family: Arial, sans-serif; box-sizing: border-box;\">\n   <p style=\"font-style: italic; font-size: 0.95rem; color: #444; margin-bottom: 15px; line-height: 1.4;\">\n     \u201eSemin\u00e1r s Monikou bol op\u00e4\u0165 ve\u013emi obohacuj\u00faci , tentoraz sme sa hlb\u0161ie ponorili do numerol\u00f3gie vo vz\u0165ahoch, \u010do ma mimoriadne zaujalo. Fascinovala ma aj t\u00e9ma putuj\u00facich du\u0161\u00ed, ktor\u00e1 otvorila nov\u00e9 poh\u013eady na duchovn\u00e9 prepojenia medzi \u013eu\u010fmi a ich predch\u00e1dzaj\u00facimi \u017eivotmi. Detailnej\u0161ie rozobratie tarotu v prepojen\u00ed s numerol\u00f3giou d\u00e1va \u00fa\u017easn\u00fd a prekvapivo presn\u00fd zmysel.&#8221;\n   <\/p>\n   <p style=\"font-weight: bold; color: #222; text-align: right; margin: 0;\">\u2013 Lenka<\/p>\n <\/div>\n\n <div style=\"background: #fff; border: 1px solid #e5e5e5; border-radius: 12px; padding: 20px; box-shadow: 0 4px 10px rgba(0,0,0,0.05); flex: 1 1 280px; max-width: 300px; font-family: Arial, sans-serif; box-sizing: border-box;\">\n   <p style=\"font-style: italic; font-size: 0.95rem; color: #444; margin-bottom: 15px; line-height: 1.4;\">\n     \u201eZ\u00fa\u010dastnila som sa dvojd\u0148ov\u00e9ho semin\u00e1ra numerol\u00f3gie a mus\u00edm poveda\u0165, \u017ee to bolo ve\u013emi in\u0161pirat\u00edvne. Monika sa podelila o svoje bohat\u00e9 sk\u00fasenosti, \u010di u\u017e teoretick\u00e9 alebo praktick\u00e9. Vysvet\u013eovala v\u0161etko jasne a trpezlivo, odpovedala na v\u0161etky ot\u00e1zky s ochotou a v\u017edy tak, aby som tomu naozaj porozumela. Bolo c\u00edti\u0165 v\u00e1\u0161e\u0148 pre t\u00e9mu a z\u00e1rove\u0148 \u00faprimn\u00e1 snaha odovzda\u0165 \u010do najviac. Ur\u010dite sa rada z\u00fa\u010dastn\u00edm aj na \u010fal\u0161\u00edch jej semin\u00e1roch.&#8221;\n   <\/p>\n   <p style=\"font-weight: bold; color: #222; text-align: right; margin: 0;\">\u2013 Lenka<\/p>\n <\/div>\n\n<\/div>\t\t\t\t\t\t\t\t<\/div>\n\t\t\t\t<\/div>\n\t\t\t\t<div class=\"elementor-element elementor-element-d1e3a76 elementor-widget elementor-widget-text-editor\" data-id=\"d1e3a76\" data-element_type=\"widget\" data-widget_type=\"text-editor.default\">\n\t\t\t\t<div class=\"elementor-widget-container\">\n\t\t\t\t\t\t\t\t\t<div style=\"display: flex; flex-wrap: wrap; gap: 20px; padding: 20px; justify-content: center; width: 100%; box-sizing: border-box;\"><div style=\"background: #fff; border: 1px solid #e5e5e5; border-radius: 12px; padding: 20px; box-shadow: 0 4px 10px rgba(0,0,0,0.05); flex: 1 1 280px; max-width: 300px; font-family: Arial, sans-serif; box-sizing: border-box;\"><p style=\"font-style: italic; font-size: 0.95rem; color: #444; margin-bottom: 15px; line-height: 1.4;\">\u201e\u010eakujem pekne za numerologick\u00fd v\u00fdklad. Ve\u013emi ma to bavilo, otvorilo mi to o\u010di v\u00a0mnoh\u00fdch oblastiach<br \/>a\u00a0s\u00fa to nov\u00e9 v\u00fdzvy, na ktor\u00fdch sa d\u00e1 pracova\u0165. \u010eakujem e\u0161te raz, ur\u010dite odpor\u00fa\u010dam ako nie\u010do, \u010do v\u00e1s<br \/>posunie v\u00a0mnoh\u00fdch oblastiach na nie\u010do nove, kvalitnej\u0161ie.&#8221;<\/p><p style=\"font-weight: bold; color: #222; text-align: right; margin: 0;\">\u2013 Katar\u00edna<\/p><\/div><div style=\"background: #fff; border: 1px solid #e5e5e5; border-radius: 12px; padding: 20px; box-shadow: 0 4px 10px rgba(0,0,0,0.05); flex: 1 1 280px; max-width: 300px; font-family: Arial, sans-serif; box-sizing: border-box;\"><p style=\"font-style: italic; font-size: 0.95rem; color: #444; margin-bottom: 15px; line-height: 1.4;\">\u201eMonika pre\u0161la som si prep\u00edsan\u00e9 pozn\u00e1mky z\u00a0n\u00e1\u0161ho stretnutia . E\u0161te raz ve\u013emi pekne \u010fakujem za tvoje<br \/>podnety, nasmerovanie, mysl\u00edm, \u017ee mi to bude n\u00e1pomocn\u00e9, budem si tvoje slov\u00e1 pripom\u00edna\u0165. Bolo mi<br \/>pr\u00edjemne 2 hod. ubehli ako ni\u010d. Oce\u0148ujem ako si bola pripraven\u00e1, pr\u00edjemn\u00e1 a\u00a0zrozumite\u013en\u00e1, nech sa<br \/>ti v\u00a0\u017eivote a\u00a0tvojej zauj\u00edmavej pr\u00e1ci dar\u00ed, ver\u00edm, \u017ee sa uvid\u00edme.&#8221;<\/p><p style=\"font-weight: bold; color: #222; text-align: right; margin: 0;\">\u2013 Katka<\/p><\/div><div style=\"background: #fff; border: 1px solid #e5e5e5; border-radius: 12px; padding: 20px; box-shadow: 0 4px 10px rgba(0,0,0,0.05); flex: 1 1 280px; max-width: 300px; font-family: Arial, sans-serif; box-sizing: border-box;\"><p style=\"font-style: italic; font-size: 0.95rem; color: #444; margin-bottom: 15px; line-height: 1.4;\">\u201e\u010eakujem za \u00fa\u017easn\u00fa podporu prec\u00edtenie, uvo\u013enenie a\u00a0hlavne pochopenie, toho \u010do a\u00a0pre\u010do sa mi deje.<br \/>Bol to pre m\u0148a hlbok\u00fd moment. Numerologick\u00fd v\u00fdklad mi pomohol pochopi\u0165 minulos\u0165, za\u010da\u0165 \u017ei\u0165<br \/>pr\u00edtomnos\u0165ou a\u00a0sk\u00fasi\u0165 sa pripravi\u0165 na bud\u00facnos\u0165, odblok a\u00a0uvo\u013enenie energie ma zas posunulo<br \/>o\u00a0ve\u013ek\u00fd kus vpred, \u010do sa t\u00fdka mojich blokov a\u00a0\u00fazkosti a\u00a0neuver\u00edte hne\u010f v\u00a0tento de\u0148 sa za\u010dali veci<br \/>pos\u00fava\u0165 presne t\u00fdm smerom, kam som ich u\u017e dlh\u0161iu dobu m\u00e1rne pos\u00favala. E\u0161te raz, Monika naozaj<br \/>z\u00a0h\u013abky du\u0161e \u010fakujem a\u00a0u\u017e sa te\u0161\u00edm na \u010fal\u0161ie stretnutie.&#8221;<\/p><p style=\"font-weight: bold; color: #222; text-align: right; margin: 0;\">\u2013 Zuzana<\/p><\/div><\/div>\t\t\t\t\t\t\t\t<\/div>\n\t\t\t\t<\/div>\n\t\t\t\t\t<\/div>\n\t\t\t\t<\/div>\n\t\t\t\t<\/div>\n\t\t","protected":false},"excerpt":{"rendered":"<p>\u00a0 \u00a0 \u00a0 \u00a0 Vol\u00e1m sa Monika Kubi\u0161ov\u00e1 a som numerologi\u010dka. Pom\u00e1ham \u013eu\u010fom objavi\u0165 hlb\u0161ie\u00a0 s\u00favislosti v ich \u017eivote cez d\u00e1tum narodenia \u2013 vz\u0165ahy s bl\u00edzkymi, \u017eivotn\u00e9 situ\u00e1cie a ich pr\u00ed\u010diny, hlb\u0161ie sebapoznanie. N\u00e1\u0161 d\u00e1tum narodenia do istej miery predur\u010duje n\u00e1\u0161 osud, no ver\u00edm, \u017ee m\u00e1me slobodn\u00fa v\u00f4\u013eu a sme spolutvorcami na\u0161ich \u017eivotov.\u00a0 \u00a0 \u00a0 [&hellip;]<\/p>\n","protected":false},"author":1,"featured_media":0,"parent":0,"menu_order":0,"comment_status":"closed","ping_status":"open","template":"elementor_theme","meta":{"footnotes":""},"class_list":["post-2","page","type-page","status-publish","hentry"],"rttpg_featured_image_url":null,"rttpg_author":{"display_name":"kristian","author_link":"https:\/\/mona-space.sk\/?author=1"},"rttpg_comment":0,"rttpg_category":null,"rttpg_excerpt":"\u00a0 \u00a0 \u00a0 \u00a0 Vol\u00e1m sa Monika Kubi\u0161ov\u00e1 a som numerologi\u010dka. Pom\u00e1ham \u013eu\u010fom objavi\u0165 hlb\u0161ie\u00a0 s\u00favislosti v ich \u017eivote cez d\u00e1tum narodenia \u2013 vz\u0165ahy s bl\u00edzkymi, \u017eivotn\u00e9 situ\u00e1cie a ich pr\u00ed\u010diny, hlb\u0161ie sebapoznanie. N\u00e1\u0161 d\u00e1tum narodenia do istej miery predur\u010duje n\u00e1\u0161 osud, no ver\u00edm, \u017ee m\u00e1me slobodn\u00fa v\u00f4\u013eu a sme spolutvorcami na\u0161ich \u017eivotov.\u00a0 \u00a0 \u00a0&hellip;","_links":{"self":[{"href":"https:\/\/mona-space.sk\/index.php?rest_route=\/wp\/v2\/pages\/2","targetHints":{"allow":["GET"]}}],"collection":[{"href":"https:\/\/mona-space.sk\/index.php?rest_route=\/wp\/v2\/pages"}],"about":[{"href":"https:\/\/mona-space.sk\/index.php?rest_route=\/wp\/v2\/types\/page"}],"author":[{"embeddable":true,"href":"https:\/\/mona-space.sk\/index.php?rest_route=\/wp\/v2\/users\/1"}],"replies":[{"embeddable":true,"href":"https:\/\/mona-space.sk\/index.php?rest_route=%2Fwp%2Fv2%2Fcomments&post=2"}],"version-history":[{"count":86,"href":"https:\/\/mona-space.sk\/index.php?rest_route=\/wp\/v2\/pages\/2\/revisions"}],"predecessor-version":[{"id":985,"href":"https:\/\/mona-space.sk\/index.php?rest_route=\/wp\/v2\/pages\/2\/revisions\/985"}],"wp:attachment":[{"href":"https:\/\/mona-space.sk\/index.php?rest_route=%2Fwp%2Fv2%2Fmedia&parent=2"}],"curies":[{"name":"wp","href":"https:\/\/api.w.org\/{rel}","templated":true}]}}