{"id":428,"date":"2025-01-12T17:04:36","date_gmt":"2025-01-12T17:04:36","guid":{"rendered":"https:\/\/mona-space.sk\/?page_id=428"},"modified":"2026-03-04T21:23:46","modified_gmt":"2026-03-04T21:23:46","slug":"aktualne","status":"publish","type":"page","link":"https:\/\/mona-space.sk\/?page_id=428","title":{"rendered":"Aktu\u00e1lne"},"content":{"rendered":"\t\t<div data-elementor-type=\"wp-page\" data-elementor-id=\"428\" class=\"elementor elementor-428\">\n\t\t\t\t<div class=\"elementor-element elementor-element-4ecb29c e-flex e-con-boxed e-con e-parent\" data-id=\"4ecb29c\" data-element_type=\"container\">\n\t\t\t\t\t<div class=\"e-con-inner\">\n\t\t<div class=\"elementor-element elementor-element-2e3687e e-con-full e-flex e-con e-child\" data-id=\"2e3687e\" data-element_type=\"container\">\n\t\t\t\t<div class=\"elementor-element elementor-element-c332138 elementor-widget elementor-widget-heading\" data-id=\"c332138\" data-element_type=\"widget\" data-widget_type=\"heading.default\">\n\t\t\t\t<div class=\"elementor-widget-container\">\n\t\t\t\t\t<h2 class=\"elementor-heading-title elementor-size-default\">Harmoniza\u010dn\u00fd pobyt pre \u017eeny <br><br>\"N\u00e1vrat k sebe\" \n<\/h2>\t\t\t\t<\/div>\n\t\t\t\t<\/div>\n\t\t\t\t<div class=\"elementor-element elementor-element-7062d37 elementor-widget elementor-widget-text-editor\" data-id=\"7062d37\" data-element_type=\"widget\" data-widget_type=\"text-editor.default\">\n\t\t\t\t<div class=\"elementor-widget-container\">\n\t\t\t\t\t\t\t\t\t<p>N\u00e1\u0161 piaty spolo\u010dn\u00fd pobyt.<\/p>\n<p><strong>Kedy: 05.06.- 7.6.2026<\/strong><\/p>\n<p><strong>\ud83d\udc9aKde: Myjava, Podkylava<\/strong><\/p>\n<p><strong>\ud83d\udc9aZa ko\u013eko energi\u00ed: 308 \u20ac<\/strong><\/p>\n<p>N\u00e1\u0161 ob\u013e\u00faben\u00fd \u017eensk\u00fd pobyt bude op\u00e4\u0165 v kr\u00e1snom prostred\u00ed v Harm\u00f3nii na Hlav\u00e1\u010di v lone pr\u00edrody pod lesom.&nbsp;<\/p>\n<p>Na \u010do sa m\u00f4\u017eete te\u0161i\u0165:<\/p>\n<p><strong>\u2705Numerol\u00f3giu<\/strong>&nbsp;&#8211; dozvie\u0161 sa nie\u010do o sebe zo svojho d\u00e1tumu narodenia a nahliadne\u0161 do tejto prastarej n\u00e1uky.&nbsp;&nbsp;<\/p>\n<p><strong>\u2705Jogu a&nbsp; medit\u00e1cie<\/strong><\/p>\n<p><strong>\u2705Intuit\u00edvne tance<\/strong> &#8211; nalad\u00ed\u0161 sa na svoje telo a&nbsp; uvo\u013en\u00ed\u0161 sa v tanci. Bude\u0161 tancova\u0165 svojim \u0161t\u00fdlom, svojim tempom a iba to \u010do chce\u0161 ty.&nbsp;<\/p>\n<p><strong>\u2705Hand made tvorenie<\/strong>&nbsp;<\/p>\n<p><strong>\u2705Kakaov\u00fa cerem\u00f3niu<\/strong>&#8211; vytvor\u00edme spolu kr\u00e1sny priestor na vz\u00e1jomn\u00e9 zdie\u013eanie, naladenie sa na seba a popritom budeme pop\u00edja\u0165 ceremoni\u00e1lne kakao.&nbsp;<\/p>\n<p><strong>\u2705Prech\u00e1dzky v lese<\/strong><\/p>\n<p><br><\/p>\n<p>Okrem bohat\u00e9ho programu \u0165a \u010dak\u00e1 v\u00fdborn\u00e1 vegetari\u00e1nska strava, n\u00e1dhern\u00e9 prostredie v kr\u00e1snej pr\u00edrode, bezpe\u010dn\u00e9 prostredie \u017eien, s\u00falad, smiech, prijatie, welness &#8211; sauna, alebo ka\u010fa pod\u013ea preferenci\u00ed.&nbsp;<\/p>\n<p>Po na\u0161om pobyte v\u0161etky&nbsp; e\u0161te dlho \u010derp\u00e1me z&nbsp; kr\u00e1snej energie, ktor\u00fa v\u017edy spolu vytvor\u00edme.&nbsp;<\/p>\n<p>Dopraj si \u010das pre seba a po\u010f s nami.&nbsp;<\/p>\n<p><strong>Pre koho je pobyt vhodn\u00fd:&nbsp;<\/strong><\/p>\n<p>Pre teba ak si unaven\u00e1, vyhoren\u00e1, alebo t\u00fa\u017ei\u0161 si dopria\u0165 nie\u010do pre seba, chce\u0161 sa nie\u010do o sebe dozvedie\u0165,&nbsp; za\u017ei\u0165 kr\u00e1sne chv\u00edle s podobne naladen\u00fdmi \u017eenami, c\u00edti\u0161 , \u017ee&nbsp; je \u010das sa v \u017eivote posun\u00fa\u0165 \u010falej.&nbsp;&nbsp;<\/p>\n<p><strong>\u2764\ufe0f\u010co je v&nbsp;cene pobytu:<\/strong><\/p>\n<p>Celodenn\u00e1 vegetari\u00e1nska strava \/pln\u00e1 penzia\/, k\u00e1va, bylinkov\u00e9 \u010daje, pramenist\u00e1 voda, ubytovanie v pekn\u00fdch maringotk\u00e1ch, lektorn\u00e9, v\u0161etky materi\u00e1ly ku kreat\u00edvnemu tvoreniu.&nbsp;&nbsp;<\/p>\n<p>M\u00f4\u017ee\u0161 si dopria\u0165 e\u0161te navy\u0161e mas\u00e1\u017e.&nbsp;<\/p>\n<p>V pr\u00edpade, ak sa chce\u0161 prihl\u00e1si\u0165,&nbsp; alebo m\u00e1\u0161 e\u0161te nejak\u00e9 ot\u00e1zky, m\u00f4\u017ee\u0161 n\u00e1m nap\u00edsa\u0165:&nbsp; &nbsp;<\/p>\n<ul>\n<li><strong>monikkubis@gmail.com<\/strong><\/li>\n<li><strong>macaglasa@gmail.com<\/strong><\/li>\n<\/ul>\n<p>Te\u0161\u00edme sa na teba Monika a Marcela. \u2764\ufe0f<\/p>\t\t\t\t\t\t\t\t<\/div>\n\t\t\t\t<\/div>\n\t\t\t\t<\/div>\n\t\t<div class=\"elementor-element elementor-element-2627868 e-con-full e-flex e-con e-child\" data-id=\"2627868\" data-element_type=\"container\">\n\t\t\t\t<div class=\"elementor-element elementor-element-0f8202b elementor-widget elementor-widget-image-gallery\" data-id=\"0f8202b\" data-element_type=\"widget\" data-widget_type=\"image-gallery.default\">\n\t\t\t\t<div class=\"elementor-widget-container\">\n\t\t\t\t\t\t\t<div class=\"elementor-image-gallery\">\n\t\t\t<div id='gallery-1' class='gallery galleryid-428 gallery-columns-4 gallery-size-thumbnail'><figure class='gallery-item'>\n\t\t\t<div class='gallery-icon landscape'>\n\t\t\t\t<a data-elementor-open-lightbox=\"yes\" data-elementor-lightbox-slideshow=\"0f8202b\" data-elementor-lightbox-title=\"obr.6-min\" data-e-action-hash=\"#elementor-action%3Aaction%3Dlightbox%26settings%3DeyJpZCI6MTA3MywidXJsIjoiaHR0cHM6XC9cL21vbmEtc3BhY2Uuc2tcL3dwLWNvbnRlbnRcL3VwbG9hZHNcLzIwMjVcLzA5XC9vYnIuNi1taW4uanBnIiwic2xpZGVzaG93IjoiMGY4MjAyYiJ9\" href='https:\/\/mona-space.sk\/wp-content\/uploads\/2025\/09\/obr.6-min.jpg'><img decoding=\"async\" width=\"150\" height=\"150\" src=\"https:\/\/mona-space.sk\/wp-content\/uploads\/2025\/09\/obr.6-min-150x150.jpg\" class=\"attachment-thumbnail size-thumbnail\" alt=\"\" \/><\/a>\n\t\t\t<\/div><\/figure><figure class='gallery-item'>\n\t\t\t<div class='gallery-icon landscape'>\n\t\t\t\t<a data-elementor-open-lightbox=\"yes\" data-elementor-lightbox-slideshow=\"0f8202b\" data-elementor-lightbox-title=\"obr.7-min\" data-e-action-hash=\"#elementor-action%3Aaction%3Dlightbox%26settings%3DeyJpZCI6MTA3MiwidXJsIjoiaHR0cHM6XC9cL21vbmEtc3BhY2Uuc2tcL3dwLWNvbnRlbnRcL3VwbG9hZHNcLzIwMjVcLzA5XC9vYnIuNy1taW4tc2NhbGVkLmpwZWciLCJzbGlkZXNob3ciOiIwZjgyMDJiIn0%3D\" href='https:\/\/mona-space.sk\/wp-content\/uploads\/2025\/09\/obr.7-min-scaled.jpeg'><img decoding=\"async\" width=\"150\" height=\"150\" src=\"https:\/\/mona-space.sk\/wp-content\/uploads\/2025\/09\/obr.7-min-150x150.jpeg\" class=\"attachment-thumbnail size-thumbnail\" alt=\"\" \/><\/a>\n\t\t\t<\/div><\/figure><figure class='gallery-item'>\n\t\t\t<div class='gallery-icon portrait'>\n\t\t\t\t<a data-elementor-open-lightbox=\"yes\" data-elementor-lightbox-slideshow=\"0f8202b\" data-elementor-lightbox-title=\"obr.5-min\" data-e-action-hash=\"#elementor-action%3Aaction%3Dlightbox%26settings%3DeyJpZCI6MTA3NCwidXJsIjoiaHR0cHM6XC9cL21vbmEtc3BhY2Uuc2tcL3dwLWNvbnRlbnRcL3VwbG9hZHNcLzIwMjVcLzA5XC9vYnIuNS1taW4tc2NhbGVkLmpwZyIsInNsaWRlc2hvdyI6IjBmODIwMmIifQ%3D%3D\" href='https:\/\/mona-space.sk\/wp-content\/uploads\/2025\/09\/obr.5-min-scaled.jpg'><img decoding=\"async\" width=\"150\" height=\"150\" src=\"https:\/\/mona-space.sk\/wp-content\/uploads\/2025\/09\/obr.5-min-150x150.jpg\" class=\"attachment-thumbnail size-thumbnail\" alt=\"\" \/><\/a>\n\t\t\t<\/div><\/figure><figure class='gallery-item'>\n\t\t\t<div class='gallery-icon portrait'>\n\t\t\t\t<a data-elementor-open-lightbox=\"yes\" data-elementor-lightbox-slideshow=\"0f8202b\" data-elementor-lightbox-title=\"obr.4-min\" data-e-action-hash=\"#elementor-action%3Aaction%3Dlightbox%26settings%3DeyJpZCI6MTA3NSwidXJsIjoiaHR0cHM6XC9cL21vbmEtc3BhY2Uuc2tcL3dwLWNvbnRlbnRcL3VwbG9hZHNcLzIwMjVcLzA5XC9vYnIuNC1taW4uanBlZyIsInNsaWRlc2hvdyI6IjBmODIwMmIifQ%3D%3D\" href='https:\/\/mona-space.sk\/wp-content\/uploads\/2025\/09\/obr.4-min.jpeg'><img loading=\"lazy\" decoding=\"async\" width=\"150\" height=\"150\" src=\"https:\/\/mona-space.sk\/wp-content\/uploads\/2025\/09\/obr.4-min-150x150.jpeg\" class=\"attachment-thumbnail size-thumbnail\" alt=\"\" \/><\/a>\n\t\t\t<\/div><\/figure><figure class='gallery-item'>\n\t\t\t<div class='gallery-icon portrait'>\n\t\t\t\t<a data-elementor-open-lightbox=\"yes\" data-elementor-lightbox-slideshow=\"0f8202b\" data-elementor-lightbox-title=\"obr.1-min\" data-e-action-hash=\"#elementor-action%3Aaction%3Dlightbox%26settings%3DeyJpZCI6MTA3NiwidXJsIjoiaHR0cHM6XC9cL21vbmEtc3BhY2Uuc2tcL3dwLWNvbnRlbnRcL3VwbG9hZHNcLzIwMjVcLzA5XC9vYnIuMS1taW4tc2NhbGVkLmpwZWciLCJzbGlkZXNob3ciOiIwZjgyMDJiIn0%3D\" href='https:\/\/mona-space.sk\/wp-content\/uploads\/2025\/09\/obr.1-min-scaled.jpeg'><img loading=\"lazy\" decoding=\"async\" width=\"150\" height=\"150\" src=\"https:\/\/mona-space.sk\/wp-content\/uploads\/2025\/09\/obr.1-min-150x150.jpeg\" class=\"attachment-thumbnail size-thumbnail\" alt=\"\" \/><\/a>\n\t\t\t<\/div><\/figure><figure class='gallery-item'>\n\t\t\t<div class='gallery-icon landscape'>\n\t\t\t\t<a data-elementor-open-lightbox=\"yes\" data-elementor-lightbox-slideshow=\"0f8202b\" data-elementor-lightbox-title=\"obr.8-min\" data-e-action-hash=\"#elementor-action%3Aaction%3Dlightbox%26settings%3DeyJpZCI6MTA3MSwidXJsIjoiaHR0cHM6XC9cL21vbmEtc3BhY2Uuc2tcL3dwLWNvbnRlbnRcL3VwbG9hZHNcLzIwMjVcLzA5XC9vYnIuOC1taW4tc2NhbGVkLmpwZWciLCJzbGlkZXNob3ciOiIwZjgyMDJiIn0%3D\" href='https:\/\/mona-space.sk\/wp-content\/uploads\/2025\/09\/obr.8-min-scaled.jpeg'><img loading=\"lazy\" decoding=\"async\" width=\"150\" height=\"150\" src=\"https:\/\/mona-space.sk\/wp-content\/uploads\/2025\/09\/obr.8-min-150x150.jpeg\" class=\"attachment-thumbnail size-thumbnail\" alt=\"\" \/><\/a>\n\t\t\t<\/div><\/figure><figure class='gallery-item'>\n\t\t\t<div class='gallery-icon portrait'>\n\t\t\t\t<a data-elementor-open-lightbox=\"yes\" data-elementor-lightbox-slideshow=\"0f8202b\" data-elementor-lightbox-title=\"obr.15-min\" data-e-action-hash=\"#elementor-action%3Aaction%3Dlightbox%26settings%3DeyJpZCI6MTA3MCwidXJsIjoiaHR0cHM6XC9cL21vbmEtc3BhY2Uuc2tcL3dwLWNvbnRlbnRcL3VwbG9hZHNcLzIwMjVcLzA5XC9vYnIuMTUtbWluLXNjYWxlZC5qcGVnIiwic2xpZGVzaG93IjoiMGY4MjAyYiJ9\" href='https:\/\/mona-space.sk\/wp-content\/uploads\/2025\/09\/obr.15-min-scaled.jpeg'><img loading=\"lazy\" decoding=\"async\" width=\"150\" height=\"150\" src=\"https:\/\/mona-space.sk\/wp-content\/uploads\/2025\/09\/obr.15-min-150x150.jpeg\" class=\"attachment-thumbnail size-thumbnail\" alt=\"\" \/><\/a>\n\t\t\t<\/div><\/figure><figure class='gallery-item'>\n\t\t\t<div class='gallery-icon portrait'>\n\t\t\t\t<a data-elementor-open-lightbox=\"yes\" data-elementor-lightbox-slideshow=\"0f8202b\" data-elementor-lightbox-title=\"obr.9-min\" data-e-action-hash=\"#elementor-action%3Aaction%3Dlightbox%26settings%3DeyJpZCI6MTA2OSwidXJsIjoiaHR0cHM6XC9cL21vbmEtc3BhY2Uuc2tcL3dwLWNvbnRlbnRcL3VwbG9hZHNcLzIwMjVcLzA5XC9vYnIuOS1taW4tc2NhbGVkLmpwZWciLCJzbGlkZXNob3ciOiIwZjgyMDJiIn0%3D\" href='https:\/\/mona-space.sk\/wp-content\/uploads\/2025\/09\/obr.9-min-scaled.jpeg'><img loading=\"lazy\" decoding=\"async\" width=\"150\" height=\"150\" src=\"https:\/\/mona-space.sk\/wp-content\/uploads\/2025\/09\/obr.9-min-150x150.jpeg\" class=\"attachment-thumbnail size-thumbnail\" alt=\"\" \/><\/a>\n\t\t\t<\/div><\/figure><figure class='gallery-item'>\n\t\t\t<div class='gallery-icon landscape'>\n\t\t\t\t<a data-elementor-open-lightbox=\"yes\" data-elementor-lightbox-slideshow=\"0f8202b\" data-elementor-lightbox-title=\"896324b7-a556-405c-8dd3-900cc6190c7b-min\" data-e-action-hash=\"#elementor-action%3Aaction%3Dlightbox%26settings%3DeyJpZCI6MTA2OCwidXJsIjoiaHR0cHM6XC9cL21vbmEtc3BhY2Uuc2tcL3dwLWNvbnRlbnRcL3VwbG9hZHNcLzIwMjVcLzA5XC84OTYzMjRiNy1hNTU2LTQwNWMtOGRkMy05MDBjYzYxOTBjN2ItbWluLmpwZWciLCJzbGlkZXNob3ciOiIwZjgyMDJiIn0%3D\" href='https:\/\/mona-space.sk\/wp-content\/uploads\/2025\/09\/896324b7-a556-405c-8dd3-900cc6190c7b-min.jpeg'><img loading=\"lazy\" decoding=\"async\" width=\"150\" height=\"150\" src=\"https:\/\/mona-space.sk\/wp-content\/uploads\/2025\/09\/896324b7-a556-405c-8dd3-900cc6190c7b-min-150x150.jpeg\" class=\"attachment-thumbnail size-thumbnail\" alt=\"\" \/><\/a>\n\t\t\t<\/div><\/figure><figure class='gallery-item'>\n\t\t\t<div class='gallery-icon portrait'>\n\t\t\t\t<a data-elementor-open-lightbox=\"yes\" data-elementor-lightbox-slideshow=\"0f8202b\" data-elementor-lightbox-title=\"obr.16-min\" data-e-action-hash=\"#elementor-action%3Aaction%3Dlightbox%26settings%3DeyJpZCI6MTA2NywidXJsIjoiaHR0cHM6XC9cL21vbmEtc3BhY2Uuc2tcL3dwLWNvbnRlbnRcL3VwbG9hZHNcLzIwMjVcLzA5XC9vYnIuMTYtbWluLXNjYWxlZC5qcGVnIiwic2xpZGVzaG93IjoiMGY4MjAyYiJ9\" href='https:\/\/mona-space.sk\/wp-content\/uploads\/2025\/09\/obr.16-min-scaled.jpeg'><img loading=\"lazy\" decoding=\"async\" width=\"150\" height=\"150\" src=\"https:\/\/mona-space.sk\/wp-content\/uploads\/2025\/09\/obr.16-min-150x150.jpeg\" class=\"attachment-thumbnail size-thumbnail\" alt=\"\" \/><\/a>\n\t\t\t<\/div><\/figure><figure class='gallery-item'>\n\t\t\t<div class='gallery-icon portrait'>\n\t\t\t\t<a data-elementor-open-lightbox=\"yes\" data-elementor-lightbox-slideshow=\"0f8202b\" data-elementor-lightbox-title=\"obr.13-min\" data-e-action-hash=\"#elementor-action%3Aaction%3Dlightbox%26settings%3DeyJpZCI6MTA2NiwidXJsIjoiaHR0cHM6XC9cL21vbmEtc3BhY2Uuc2tcL3dwLWNvbnRlbnRcL3VwbG9hZHNcLzIwMjVcLzA5XC9vYnIuMTMtbWluLXNjYWxlZC5qcGVnIiwic2xpZGVzaG93IjoiMGY4MjAyYiJ9\" href='https:\/\/mona-space.sk\/wp-content\/uploads\/2025\/09\/obr.13-min-scaled.jpeg'><img loading=\"lazy\" decoding=\"async\" width=\"150\" height=\"150\" src=\"https:\/\/mona-space.sk\/wp-content\/uploads\/2025\/09\/obr.13-min-150x150.jpeg\" class=\"attachment-thumbnail size-thumbnail\" alt=\"\" \/><\/a>\n\t\t\t<\/div><\/figure><figure class='gallery-item'>\n\t\t\t<div class='gallery-icon portrait'>\n\t\t\t\t<a data-elementor-open-lightbox=\"yes\" data-elementor-lightbox-slideshow=\"0f8202b\" data-elementor-lightbox-title=\"obr.10-min\" data-e-action-hash=\"#elementor-action%3Aaction%3Dlightbox%26settings%3DeyJpZCI6MTA2NSwidXJsIjoiaHR0cHM6XC9cL21vbmEtc3BhY2Uuc2tcL3dwLWNvbnRlbnRcL3VwbG9hZHNcLzIwMjVcLzA5XC9vYnIuMTAtbWluLXNjYWxlZC5qcGVnIiwic2xpZGVzaG93IjoiMGY4MjAyYiJ9\" href='https:\/\/mona-space.sk\/wp-content\/uploads\/2025\/09\/obr.10-min-scaled.jpeg'><img loading=\"lazy\" decoding=\"async\" width=\"150\" height=\"150\" src=\"https:\/\/mona-space.sk\/wp-content\/uploads\/2025\/09\/obr.10-min-150x150.jpeg\" class=\"attachment-thumbnail size-thumbnail\" alt=\"\" \/><\/a>\n\t\t\t<\/div><\/figure>\n\t\t<\/div>\n\t\t<\/div>\n\t\t\t\t\t\t<\/div>\n\t\t\t\t<\/div>\n\t\t\t\t<\/div>\n\t\t\t\t\t<\/div>\n\t\t\t\t<\/div>\n\t\t\t\t<\/div>\n\t\t","protected":false},"excerpt":{"rendered":"<p>Harmoniza\u010dn\u00fd pobyt pre \u017eeny &#8220;N\u00e1vrat k sebe&#8221; N\u00e1\u0161 piaty spolo\u010dn\u00fd pobyt. Kedy: 05.06.- 7.6.2026 \ud83d\udc9aKde: Myjava, Podkylava \ud83d\udc9aZa ko\u013eko energi\u00ed: 308 \u20ac N\u00e1\u0161 ob\u013e\u00faben\u00fd \u017eensk\u00fd pobyt bude op\u00e4\u0165 v kr\u00e1snom prostred\u00ed v Harm\u00f3nii na Hlav\u00e1\u010di v lone pr\u00edrody pod lesom.&nbsp; Na \u010do sa m\u00f4\u017eete te\u0161i\u0165: \u2705Numerol\u00f3giu&nbsp;&#8211; dozvie\u0161 sa nie\u010do o sebe zo svojho d\u00e1tumu narodenia [&hellip;]<\/p>\n","protected":false},"author":2,"featured_media":0,"parent":176,"menu_order":0,"comment_status":"closed","ping_status":"closed","template":"","meta":{"footnotes":""},"class_list":["post-428","page","type-page","status-publish","hentry"],"rttpg_featured_image_url":null,"rttpg_author":{"display_name":"Monika","author_link":"https:\/\/mona-space.sk\/?author=2"},"rttpg_comment":0,"rttpg_category":null,"rttpg_excerpt":"Harmoniza\u010dn\u00fd pobyt pre \u017eeny &#8220;N\u00e1vrat k sebe&#8221; N\u00e1\u0161 piaty spolo\u010dn\u00fd pobyt. Kedy: 05.06.- 7.6.2026 \ud83d\udc9aKde: Myjava, Podkylava \ud83d\udc9aZa ko\u013eko energi\u00ed: 308 \u20ac N\u00e1\u0161 ob\u013e\u00faben\u00fd \u017eensk\u00fd pobyt bude op\u00e4\u0165 v kr\u00e1snom prostred\u00ed v Harm\u00f3nii na Hlav\u00e1\u010di v lone pr\u00edrody pod lesom.&nbsp; Na \u010do sa m\u00f4\u017eete te\u0161i\u0165: \u2705Numerol\u00f3giu&nbsp;&#8211; dozvie\u0161 sa nie\u010do o sebe zo svojho d\u00e1tumu narodenia&hellip;","_links":{"self":[{"href":"https:\/\/mona-space.sk\/index.php?rest_route=\/wp\/v2\/pages\/428","targetHints":{"allow":["GET"]}}],"collection":[{"href":"https:\/\/mona-space.sk\/index.php?rest_route=\/wp\/v2\/pages"}],"about":[{"href":"https:\/\/mona-space.sk\/index.php?rest_route=\/wp\/v2\/types\/page"}],"author":[{"embeddable":true,"href":"https:\/\/mona-space.sk\/index.php?rest_route=\/wp\/v2\/users\/2"}],"replies":[{"embeddable":true,"href":"https:\/\/mona-space.sk\/index.php?rest_route=%2Fwp%2Fv2%2Fcomments&post=428"}],"version-history":[{"count":146,"href":"https:\/\/mona-space.sk\/index.php?rest_route=\/wp\/v2\/pages\/428\/revisions"}],"predecessor-version":[{"id":1087,"href":"https:\/\/mona-space.sk\/index.php?rest_route=\/wp\/v2\/pages\/428\/revisions\/1087"}],"up":[{"embeddable":true,"href":"https:\/\/mona-space.sk\/index.php?rest_route=\/wp\/v2\/pages\/176"}],"wp:attachment":[{"href":"https:\/\/mona-space.sk\/index.php?rest_route=%2Fwp%2Fv2%2Fmedia&parent=428"}],"curies":[{"name":"wp","href":"https:\/\/api.w.org\/{rel}","templated":true}]}}