{"id":430,"date":"2025-01-12T17:05:10","date_gmt":"2025-01-12T17:05:10","guid":{"rendered":"https:\/\/mona-space.sk\/?page_id=430"},"modified":"2025-01-12T17:17:21","modified_gmt":"2025-01-12T17:17:21","slug":"historia","status":"publish","type":"page","link":"https:\/\/mona-space.sk\/?page_id=430","title":{"rendered":"Hist\u00f3ria"},"content":{"rendered":"\t\t<div data-elementor-type=\"wp-page\" data-elementor-id=\"430\" class=\"elementor elementor-430\">\n\t\t\t\t<div class=\"elementor-element elementor-element-9c12c81 e-flex e-con-boxed e-con e-parent\" data-id=\"9c12c81\" data-element_type=\"container\">\n\t\t\t\t\t<div class=\"e-con-inner\">\n\t\t\t\t<div class=\"elementor-element elementor-element-e421057 meta-visibility-show title_position_default title_hover_border_default title-default img_hover_animation_default meta_position_default tpg-is-author-icon-show author-image-visibility-icon tpg-category-position-default readmore-btn-default-style grid-hover-overlay-type-always tpg-el-box-border-enable tpg-border-bottom-disable elementor-widget elementor-widget-tpg-grid-layout\" data-id=\"e421057\" data-element_type=\"widget\" data-widget_type=\"tpg-grid-layout.default\">\n\t\t\t\t<div class=\"elementor-widget-container\">\n\t\t\t\t\t\t\t<div class=\"rt-container-fluid rt-tpg-container tpg-el-main-wrapper clearfix grid-layout1-main \"\n\t\t\t id=\"rt-tpg-container-1746021877\"\n\t\t\t data-layout=\"grid-layout1\"\n\t\t\t data-grid-style=\"tpg-full-height\"\n\t\t\t data-sc-id=\"elementor\"\n\t\t\t data-el-settings=''\n\t\t\t data-el-query=''\n\t\t\t data-el-path=''\n\t\t>\n\n\t\t\t\t\t\t<div class='tpg-header-wrapper '>\n\t\t\t\t\t\t\t<\/div>\n\n\t\t\t<div data-title=\"Loading ...\" class=\"rt-row rt-content-loader grid-layout1 grid-behaviour tpg-full-height grid_layout_wrapper\">\n\t\t\t\t<div class=\"rt-col-md-4 rt-col-sm-6 rt-col-xs-12 default rt-grid-item post-335 post type-post status-publish format-standard hentry category-pobyt\"\t\tdata-id=\"335\">\n\t<div class=\"rt-holder tpg-post-holder\">\n\t\t<div class=\"rt-detail rt-el-content-wrapper\">\n\t\t\t\t\t\t\t<div class=\"rt-img-holder tpg-el-image-wrap has-no-thumbnail\">\n\t\t\t\t\t<a data-id=\"335\" href=\"https:\/\/mona-space.sk\/?p=335\" class=\"tpg-post-link\" target=\"_self\">\t\t\n\t\t<\/a>\n\t\t        <div class=\"overlay grid-hover-content\"><\/div>\n\t\t\t\t\t\t<\/div>\n\t\t\t\n\t\t\t<div class=\"entry-title-wrapper\"><h3 class=\"entry-title\"><a data-id=\"335\" href=\"https:\/\/mona-space.sk\/?p=335\" class=\"tpg-post-link\" target=\"_self\">Harmoniza\u010dn\u00e9 pobyty<\/a><\/h3><\/div>\n\t\t\t\t\t\t\t<div class=\"post-meta-tags rt-el-post-meta\">\n\t\t\t\t\t            <span class='author '>\n\n\t\t\t\t<i class='fa fa-user '><\/i><span class='author-prefix'>By<\/span><a href=\"https:\/\/mona-space.sk\/?author=1\">kristian<\/a>\t\t\t<\/span>\n\t\t\t            <span class='date'>\n\t\t\t\t<i class='far fa-calendar-alt '><\/i>\t\t\t\t                    <a href=\"https:\/\/mona-space.sk\/?m=20250103\">\n\t\t\t\t\tJanuary 3, 2025\t\t\t\t<\/a>\n\t\t\t\t\t\t\t<\/span>\n\t\t\t            <span class='categories-links'>\n\t\t\t\t<i class='fas fa-folder-open '><\/i><a class=\"pobyt\" href=\"https:\/\/mona-space.sk\/?cat=6\">Pobyt<\/a>\n\t\t\t<\/span>\n\t\t\t\t\t\t\t<\/div>\n\t\t\t\n\n\t\t\t\t\t\t\t<div class=\"tpg-excerpt tpg-el-excerpt\">\n\t\t\t\t\t\t\t\t\t\t\t<div class=\"tpg-excerpt-inner\">\n\t\t\t\t\t\t\tNa\u0161e \u017eensk\u00e9 harmoniza\u010dn\u00e9 pobyty 2023, 2024, 06\/2025 Harmoniza\u010dn\u00e9 pobyty s\u00fa jedine\u010dn\u00fdm priestorom pre \u017eeny, ktor\u00e9 sa chc\u00fa spoji\u0165 so sebou a s druh\u00fdmi \u017eenami na hlbokej \u00farovni.\u00a0 Prep\u00e1jame sa: s na\u0161imi...\t\t\t\t\t\t<\/div>\n\t\t\t\t\t\t\t\t\t\t\t\t\t\t<\/div>\n\t\t\t\n\t\t\t        <div class=\"post-footer\">\n            <div class=\"post-footer\">\n                <div class=\"read-more\">\n\t\t\t\t\t<a data-id=\"335\" href=\"https:\/\/mona-space.sk\/?p=335\" class=\"tpg-post-link\" target=\"_self\">Read More<\/a>                <\/div>\n            <\/div>\n        <\/div>\n\t\t\t\t<\/div>\n\t<\/div>\n<\/div>\n<div class=\"rt-col-md-4 rt-col-sm-6 rt-col-xs-12 default rt-grid-item post-294 post type-post status-publish format-standard hentry category-pobyt tag-pobyt\"\t\tdata-id=\"294\">\n\t<div class=\"rt-holder tpg-post-holder\">\n\t\t<div class=\"rt-detail rt-el-content-wrapper\">\n\t\t\t\t\t\t\t<div class=\"rt-img-holder tpg-el-image-wrap has-no-thumbnail\">\n\t\t\t\t\t<a data-id=\"294\" href=\"https:\/\/mona-space.sk\/?p=294\" class=\"tpg-post-link\" target=\"_self\">\t\t\n\t\t<\/a>\n\t\t        <div class=\"overlay grid-hover-content\"><\/div>\n\t\t\t\t\t\t<\/div>\n\t\t\t\n\t\t\t<div class=\"entry-title-wrapper\"><h3 class=\"entry-title\"><a data-id=\"294\" href=\"https:\/\/mona-space.sk\/?p=294\" class=\"tpg-post-link\" target=\"_self\">Relaxa\u010dn\u00fd pobyt s jogou<\/a><\/h3><\/div>\n\t\t\t\t\t\t\t<div class=\"post-meta-tags rt-el-post-meta\">\n\t\t\t\t\t            <span class='author '>\n\n\t\t\t\t<i class='fa fa-user '><\/i><span class='author-prefix'>By<\/span><a href=\"https:\/\/mona-space.sk\/?author=1\">kristian<\/a>\t\t\t<\/span>\n\t\t\t            <span class='date'>\n\t\t\t\t<i class='far fa-calendar-alt '><\/i>\t\t\t\t                    <a href=\"https:\/\/mona-space.sk\/?m=20250103\">\n\t\t\t\t\tJanuary 3, 2025\t\t\t\t<\/a>\n\t\t\t\t\t\t\t<\/span>\n\t\t\t            <span class='categories-links'>\n\t\t\t\t<i class='fas fa-folder-open '><\/i><a class=\"pobyt\" href=\"https:\/\/mona-space.sk\/?cat=6\">Pobyt<\/a>\n\t\t\t<\/span>\n\t\t\t\t\t\t\t<\/div>\n\t\t\t\n\n\t\t\t\t\t\t\t<div class=\"tpg-excerpt tpg-el-excerpt\">\n\t\t\t\t\t\t\t\t\t\t\t<div class=\"tpg-excerpt-inner\">\n\t\t\t\t\t\t\tN\u00e1\u0161 relaxa\u010dn\u00fd pobyt s jogou 11\/2024? Na\u0161e pobyty s jogou s\u00fa priestorom, kde \u017eeny n\u00e1jdu vn\u00fatorn\u00fd pokoj, na\u010derpaj\u00fa energiu a spoja sa\u00a0sam\u00e9 so sebou. Prep\u00e1jame sa: s na\u0161imi telami cez jemn\u00e9 aj dynamick\u00e9...\t\t\t\t\t\t<\/div>\n\t\t\t\t\t\t\t\t\t\t\t\t\t\t<\/div>\n\t\t\t\n\t\t\t        <div class=\"post-footer\">\n            <div class=\"post-footer\">\n                <div class=\"read-more\">\n\t\t\t\t\t<a data-id=\"294\" href=\"https:\/\/mona-space.sk\/?p=294\" class=\"tpg-post-link\" target=\"_self\">Read More<\/a>                <\/div>\n            <\/div>\n        <\/div>\n\t\t\t\t<\/div>\n\t<\/div>\n<\/div>\n\t\t\t<\/div>\n\t\t\t\n\t\t<\/div>\n\t\t\t\t\t\t<\/div>\n\t\t\t\t<\/div>\n\t\t\t\t\t<\/div>\n\t\t\t\t<\/div>\n\t\t\t\t<\/div>\n\t\t","protected":false},"excerpt":{"rendered":"<p>Harmoniza\u010d\u00fd pobyt Bykristian January 3, 2025 Pobyt &#8230; Read More Relaxa\u010dn\u00fd pobyt s jogou Bykristian January 3, 2025 Pobyt O \u010dom s\u00fa na\u0161e relaxa\u010dn\u00e9 pobyty s jogou? Na\u0161e pobyty s jogou s\u00fa priestorom, kde \u017eeny n\u00e1jdu vn\u00fatorn\u00fd pokoj, na\u010derpaj\u00fa energiu a spoja sasamy so sebou. Prep\u00e1jame sa: s na\u0161imi telami cez jemn\u00e9 aj&#8230; Read More<\/p>\n","protected":false},"author":2,"featured_media":0,"parent":176,"menu_order":0,"comment_status":"closed","ping_status":"closed","template":"","meta":{"footnotes":""},"class_list":["post-430","page","type-page","status-publish","hentry"],"rttpg_featured_image_url":null,"rttpg_author":{"display_name":"Monika","author_link":"https:\/\/mona-space.sk\/?author=2"},"rttpg_comment":0,"rttpg_category":"","rttpg_excerpt":"Harmoniza\u010d\u00fd pobyt Bykristian January 3, 2025 Pobyt &#8230; Read More Relaxa\u010dn\u00fd pobyt s jogou Bykristian January 3, 2025 Pobyt O \u010dom s\u00fa na\u0161e relaxa\u010dn\u00e9 pobyty s jogou? Na\u0161e pobyty s jogou s\u00fa priestorom, kde \u017eeny n\u00e1jdu vn\u00fatorn\u00fd pokoj, na\u010derpaj\u00fa energiu a spoja sasamy so sebou. Prep\u00e1jame sa: s na\u0161imi telami cez jemn\u00e9 aj&#8230; Read More","_links":{"self":[{"href":"https:\/\/mona-space.sk\/index.php?rest_route=\/wp\/v2\/pages\/430","targetHints":{"allow":["GET"]}}],"collection":[{"href":"https:\/\/mona-space.sk\/index.php?rest_route=\/wp\/v2\/pages"}],"about":[{"href":"https:\/\/mona-space.sk\/index.php?rest_route=\/wp\/v2\/types\/page"}],"author":[{"embeddable":true,"href":"https:\/\/mona-space.sk\/index.php?rest_route=\/wp\/v2\/users\/2"}],"replies":[{"embeddable":true,"href":"https:\/\/mona-space.sk\/index.php?rest_route=%2Fwp%2Fv2%2Fcomments&post=430"}],"version-history":[{"count":7,"href":"https:\/\/mona-space.sk\/index.php?rest_route=\/wp\/v2\/pages\/430\/revisions"}],"predecessor-version":[{"id":448,"href":"https:\/\/mona-space.sk\/index.php?rest_route=\/wp\/v2\/pages\/430\/revisions\/448"}],"up":[{"embeddable":true,"href":"https:\/\/mona-space.sk\/index.php?rest_route=\/wp\/v2\/pages\/176"}],"wp:attachment":[{"href":"https:\/\/mona-space.sk\/index.php?rest_route=%2Fwp%2Fv2%2Fmedia&parent=430"}],"curies":[{"name":"wp","href":"https:\/\/api.w.org\/{rel}","templated":true}]}}