{"id":74,"date":"2024-11-09T18:17:29","date_gmt":"2024-11-09T18:17:29","guid":{"rendered":"https:\/\/mona-space.sk\/?page_id=74"},"modified":"2025-01-12T16:56:39","modified_gmt":"2025-01-12T16:56:39","slug":"blog","status":"publish","type":"page","link":"https:\/\/mona-space.sk\/?page_id=74","title":{"rendered":"Blog"},"content":{"rendered":"\t\t<div data-elementor-type=\"wp-page\" data-elementor-id=\"74\" class=\"elementor elementor-74\">\n\t\t\t\t<div class=\"elementor-element elementor-element-29ad9f9 e-flex e-con-boxed e-con e-parent\" data-id=\"29ad9f9\" data-element_type=\"container\">\n\t\t\t\t\t<div class=\"e-con-inner\">\n\t\t\t\t<div class=\"elementor-element elementor-element-4ed43c4 meta-visibility-show title_position_default title_hover_border_default title-default img_hover_animation_default meta_position_default tpg-is-author-icon-show author-image-visibility-icon tpg-category-position-default readmore-btn-default-style grid-hover-overlay-type-always tpg-el-box-border-enable tpg-border-bottom-disable elementor-widget elementor-widget-tpg-grid-layout\" data-id=\"4ed43c4\" data-element_type=\"widget\" data-widget_type=\"tpg-grid-layout.default\">\n\t\t\t\t<div class=\"elementor-widget-container\">\n\t\t\t\t\t\t\t<div class=\"rt-container-fluid rt-tpg-container tpg-el-main-wrapper clearfix grid-layout1-main \"\n\t\t\t id=\"rt-tpg-container-3488575094\"\n\t\t\t data-layout=\"grid-layout1\"\n\t\t\t data-grid-style=\"tpg-full-height\"\n\t\t\t data-sc-id=\"elementor\"\n\t\t\t data-el-settings=''\n\t\t\t data-el-query=''\n\t\t\t data-el-path=''\n\t\t>\n\n\t\t\t\t\t\t<div class='tpg-header-wrapper '>\n\t\t\t\t\t\t\t<\/div>\n\n\t\t\t<div data-title=\"Loading ...\" class=\"rt-row rt-content-loader grid-layout1 grid-behaviour tpg-full-height grid_layout_wrapper\">\n\t\t\t\t<div class=\"rt-col-md-4 rt-col-sm-6 rt-col-xs-12 default rt-grid-item post-797 post type-post status-publish format-standard hentry category-uncategorized\"\t\tdata-id=\"797\">\n\t<div class=\"rt-holder tpg-post-holder\">\n\t\t<div class=\"rt-detail rt-el-content-wrapper\">\n\t\t\t\t\t\t\t<div class=\"rt-img-holder tpg-el-image-wrap has-no-thumbnail\">\n\t\t\t\t\t<a data-id=\"797\" href=\"https:\/\/mona-space.sk\/?p=797\" class=\"tpg-post-link\" target=\"_self\">\t\t\n\t\t<\/a>\n\t\t        <div class=\"overlay grid-hover-content\"><\/div>\n\t\t\t\t\t\t<\/div>\n\t\t\t\n\t\t\t<div class=\"entry-title-wrapper\"><h3 class=\"entry-title\"><a data-id=\"797\" href=\"https:\/\/mona-space.sk\/?p=797\" class=\"tpg-post-link\" target=\"_self\">Ako n\u00e1s ovplyv\u0148uj\u00fa kalend\u00e1rne roky a ich energia.<\/a><\/h3><\/div>\n\t\t\t\t\t\t\t<div class=\"post-meta-tags rt-el-post-meta\">\n\t\t\t\t\t            <span class='author '>\n\n\t\t\t\t<i class='fa fa-user '><\/i><span class='author-prefix'>By<\/span><a href=\"https:\/\/mona-space.sk\/?author=2\">Monika<\/a>\t\t\t<\/span>\n\t\t\t            <span class='date'>\n\t\t\t\t<i class='far fa-calendar-alt '><\/i>\t\t\t\t                    <a href=\"https:\/\/mona-space.sk\/?m=20250209\">\n\t\t\t\t\tFebruary 9, 2025\t\t\t\t<\/a>\n\t\t\t\t\t\t\t<\/span>\n\t\t\t            <span class='categories-links'>\n\t\t\t\t<i class='fas fa-folder-open '><\/i><a class=\"uncategorized\" href=\"https:\/\/mona-space.sk\/?cat=1\">Blog<\/a>\n\t\t\t<\/span>\n\t\t\t\t\t\t\t<\/div>\n\t\t\t\n\n\t\t\t\t\t\t\t<div class=\"tpg-excerpt tpg-el-excerpt\">\n\t\t\t\t\t\t\t\t\t\t\t<div class=\"tpg-excerpt-inner\">\n\t\t\t\t\t\t\tN\u00e1\u0161 \u017eivot neformuje len n\u00e1\u0161 d\u00e1tum narodenia, ale aj energia kalend\u00e1rneho roka, ktor\u00e1 p\u00f4sob\u00ed na n\u00e1s v\u0161etk\u00fdch. Ka\u017ed\u00fd rok prin\u00e1\u0161a nov\u00e9 v\u00fdzvy, zmeny a lekcie, ktor\u00e9 n\u00e1s formuj\u00fa ako jednotlivcov, aj ako...\t\t\t\t\t\t<\/div>\n\t\t\t\t\t\t\t\t\t\t\t\t\t\t<\/div>\n\t\t\t\n\t\t\t        <div class=\"post-footer\">\n            <div class=\"post-footer\">\n                <div class=\"read-more\">\n\t\t\t\t\t<a data-id=\"797\" href=\"https:\/\/mona-space.sk\/?p=797\" class=\"tpg-post-link\" target=\"_self\">Read More<\/a>                <\/div>\n            <\/div>\n        <\/div>\n\t\t\t\t<\/div>\n\t<\/div>\n<\/div>\n<div class=\"rt-col-md-4 rt-col-sm-6 rt-col-xs-12 default rt-grid-item post-407 post type-post status-publish format-standard hentry category-uncategorized\"\t\tdata-id=\"407\">\n\t<div class=\"rt-holder tpg-post-holder\">\n\t\t<div class=\"rt-detail rt-el-content-wrapper\">\n\t\t\t\t\t\t\t<div class=\"rt-img-holder tpg-el-image-wrap has-no-thumbnail\">\n\t\t\t\t\t<a data-id=\"407\" href=\"https:\/\/mona-space.sk\/?p=407\" class=\"tpg-post-link\" target=\"_self\">\t\t\n\t\t<\/a>\n\t\t        <div class=\"overlay grid-hover-content\"><\/div>\n\t\t\t\t\t\t<\/div>\n\t\t\t\n\t\t\t<div class=\"entry-title-wrapper\"><h3 class=\"entry-title\"><a data-id=\"407\" href=\"https:\/\/mona-space.sk\/?p=407\" class=\"tpg-post-link\" target=\"_self\">Rok 2025<\/a><\/h3><\/div>\n\t\t\t\t\t\t\t<div class=\"post-meta-tags rt-el-post-meta\">\n\t\t\t\t\t            <span class='author '>\n\n\t\t\t\t<i class='fa fa-user '><\/i><span class='author-prefix'>By<\/span><a href=\"https:\/\/mona-space.sk\/?author=2\">Monika<\/a>\t\t\t<\/span>\n\t\t\t            <span class='date'>\n\t\t\t\t<i class='far fa-calendar-alt '><\/i>\t\t\t\t                    <a href=\"https:\/\/mona-space.sk\/?m=20250112\">\n\t\t\t\t\tJanuary 12, 2025\t\t\t\t<\/a>\n\t\t\t\t\t\t\t<\/span>\n\t\t\t            <span class='categories-links'>\n\t\t\t\t<i class='fas fa-folder-open '><\/i><a class=\"uncategorized\" href=\"https:\/\/mona-space.sk\/?cat=1\">Blog<\/a>\n\t\t\t<\/span>\n\t\t\t\t\t\t\t<\/div>\n\t\t\t\n\n\t\t\t\t\t\t\t<div class=\"tpg-excerpt tpg-el-excerpt\">\n\t\t\t\t\t\t\t\t\t\t\t<div class=\"tpg-excerpt-inner\">\n\t\t\t\t\t\t\t\u010co prinesie rok 2025 a ako ho najlep\u0161ie vyu\u017ei\u0165. Rok 2025 sa z numerologick\u00e9ho poh\u013eadu nesie v znamen\u00ed vibr\u00e1cie \u010d\u00edsla 9. Uzatv\u00e1ra sa cyklus predo\u0161l\u00fdch \u00f4smich rokov od roku 2017. Hlavn\u00e1 t\u00e9ma roka 2025...\t\t\t\t\t\t<\/div>\n\t\t\t\t\t\t\t\t\t\t\t\t\t\t<\/div>\n\t\t\t\n\t\t\t        <div class=\"post-footer\">\n            <div class=\"post-footer\">\n                <div class=\"read-more\">\n\t\t\t\t\t<a data-id=\"407\" href=\"https:\/\/mona-space.sk\/?p=407\" class=\"tpg-post-link\" target=\"_self\">Read More<\/a>                <\/div>\n            <\/div>\n        <\/div>\n\t\t\t\t<\/div>\n\t<\/div>\n<\/div>\n\t\t\t<\/div>\n\t\t\t\n\t\t<\/div>\n\t\t\t\t\t\t<\/div>\n\t\t\t\t<\/div>\n\t\t\t\t\t<\/div>\n\t\t\t\t<\/div>\n\t\t\t\t<\/div>\n\t\t","protected":false},"excerpt":{"rendered":"<p>Nadpis ByMonika January 12, 2025 Blog No a tu si to mozes napisat a upravit ako chces a nadpis sa potom upravuje o krok vzad jeden. IDem este pozriet ci sa to zobrazi na tej blog stranke&#8230; Read More<\/p>\n","protected":false},"author":1,"featured_media":0,"parent":0,"menu_order":0,"comment_status":"closed","ping_status":"closed","template":"","meta":{"footnotes":""},"class_list":["post-74","page","type-page","status-publish","hentry"],"rttpg_featured_image_url":null,"rttpg_author":{"display_name":"kristian","author_link":"https:\/\/mona-space.sk\/?author=1"},"rttpg_comment":0,"rttpg_category":"","rttpg_excerpt":"Nadpis ByMonika January 12, 2025 Blog No a tu si to mozes napisat a upravit ako chces a nadpis sa potom upravuje o krok vzad jeden. IDem este pozriet ci sa to zobrazi na tej blog stranke&#8230; Read More","_links":{"self":[{"href":"https:\/\/mona-space.sk\/index.php?rest_route=\/wp\/v2\/pages\/74","targetHints":{"allow":["GET"]}}],"collection":[{"href":"https:\/\/mona-space.sk\/index.php?rest_route=\/wp\/v2\/pages"}],"about":[{"href":"https:\/\/mona-space.sk\/index.php?rest_route=\/wp\/v2\/types\/page"}],"author":[{"embeddable":true,"href":"https:\/\/mona-space.sk\/index.php?rest_route=\/wp\/v2\/users\/1"}],"replies":[{"embeddable":true,"href":"https:\/\/mona-space.sk\/index.php?rest_route=%2Fwp%2Fv2%2Fcomments&post=74"}],"version-history":[{"count":8,"href":"https:\/\/mona-space.sk\/index.php?rest_route=\/wp\/v2\/pages\/74\/revisions"}],"predecessor-version":[{"id":796,"href":"https:\/\/mona-space.sk\/index.php?rest_route=\/wp\/v2\/pages\/74\/revisions\/796"}],"wp:attachment":[{"href":"https:\/\/mona-space.sk\/index.php?rest_route=%2Fwp%2Fv2%2Fmedia&parent=74"}],"curies":[{"name":"wp","href":"https:\/\/api.w.org\/{rel}","templated":true}]}}