{"id":87,"date":"2024-11-09T18:19:58","date_gmt":"2024-11-09T18:19:58","guid":{"rendered":"https:\/\/mona-space.sk\/?page_id=87"},"modified":"2025-01-14T12:40:46","modified_gmt":"2025-01-14T12:40:46","slug":"numerologicky-rozbor","status":"publish","type":"page","link":"https:\/\/mona-space.sk\/?page_id=87","title":{"rendered":"Numerologick\u00fd rozbor"},"content":{"rendered":"\t\t<div data-elementor-type=\"wp-page\" data-elementor-id=\"87\" class=\"elementor elementor-87\">\n\t\t\t\t<div class=\"elementor-element elementor-element-3c797a8 e-flex e-con-boxed e-con e-parent\" data-id=\"3c797a8\" data-element_type=\"container\">\n\t\t\t\t\t<div class=\"e-con-inner\">\n\t\t<div class=\"elementor-element elementor-element-bcbf7e4 e-con-full e-flex e-con e-child\" data-id=\"bcbf7e4\" data-element_type=\"container\">\n\t\t\t\t<div class=\"elementor-element elementor-element-74afb59 elementor-widget elementor-widget-text-editor\" data-id=\"74afb59\" data-element_type=\"widget\" data-widget_type=\"text-editor.default\">\n\t\t\t\t<div class=\"elementor-widget-container\">\n\t\t\t\t\t\t\t\t\t<h2 class=\"wp-block-heading\">\u010co sa dozvie\u0161 a pochop\u00ed\u0161:<\/h2>\n<p><!-- \/wp:heading --><!-- wp:list --><\/p>\n<ul class=\"wp-block-list\"><!-- wp:list-item -->\n<li><span style=\"color: #d98573;\"><strong>Tvoje dary a vlastnosti, ktor\u00e9 m\u00f4\u017ee\u0161 rozv\u00edja\u0165.\u00a0<\/strong><\/span><br \/>Ka\u017ed\u00fd sme v nie\u010dom v\u00fdnimo\u010dn\u00fd, \u010dastokr\u00e1t o t\u00fdchto daroch ani nevieme, alebo ich pova\u017eujeme za nie\u010do prirodzen\u00e9. Ak si ich zvedom\u00ed\u0161 vie\u0161 s nimi lep\u0161ie pracova\u0165.<\/li>\n<!-- \/wp:list-item --><!-- wp:list-item -->\n<li><span style=\"color: #d98573;\"><strong>Tvoje strachy, obmedzenia a v\u00fdzvy.\u00a0<\/strong><\/span><br \/>Ke\u010f ich bude\u0161 pozna\u0165, m\u00f4\u017ee\u0161 s nimi vedome za\u010da\u0165 pracova\u0165 a tvoj \u017eivot sa zmen\u00ed, preto\u017ee \u0165a prestan\u00fa limitova\u0165.<\/li>\n<!-- \/wp:list-item --><!-- wp:list-item -->\n<li><span style=\"color: #d98573;\"><strong>\u017divotn\u00e9 poslanie a k\u013e\u00fa\u010d k jeho naplneniu.<\/strong><\/span><br \/>Pozna\u0165 \u017eivotn\u00e9 poslanie je d\u00f4le\u017eit\u00e9, aby na\u0161a cesta i\u0161la v s\u00falade s na\u0161ou du\u0161ou.\u00a0<\/li>\n<!-- \/wp:list-item --><!-- wp:list-item -->\n<li><span style=\"color: #d98573;\"><strong>Tvoj tarot a karmick\u00e9 z\u00e1\u0165a\u017ee.<\/strong><\/span><br \/>Karma sa mus\u00ed od\u017ei\u0165, naplni\u0165, pochopi\u0165, karma sa ned\u00e1 vymaza\u0165. Ak ju v\u0161ak pozn\u00e1\u0161, tak s \u0148ou vie\u0161 lep\u0161ie pracova\u0165.\u00a0<\/li>\n<!-- \/wp:list-item --><!-- wp:list-item -->\n<li><span style=\"color: #d98573;\"><strong>Ako rozpracovan\u00fa m\u00e1\u0161 t\u00e9mu svojho \u017eivotn\u00e9ho poslania.\u00a0<\/strong><\/span><\/li>\n<!-- \/wp:list-item --><!-- wp:list-item -->\n<li><span style=\"color: #d98573;\"><strong>V akom dev\u00e4\u0165ro\u010dnom obdob\u00ed sa nach\u00e1dza\u0161.<\/strong><\/span><br \/>\u010co m\u00e1\u0161 pochopi\u0165, \u010do sa m\u00e1\u0161 nau\u010di\u0165 v danom obdob\u00ed.\u00a0<\/li>\n<!-- \/wp:list-item --><!-- wp:list-item -->\n<li><span style=\"color: #d98573;\"><strong>V akom osobnom ro\u010dnom obdob\u00ed sa nach\u00e1dza\u0161.<\/strong><\/span><br \/>\u010co je pre teba v aktu\u00e1lnom roku d\u00f4le\u017eit\u00e9, na\u010do zamera\u0165 pozornos\u0165, ako vyu\u017ei\u0165 dary dan\u00e9ho roka vo svoj prospech.<\/li>\n<!-- \/wp:list-item --><!-- wp:list-item -->\n<li><strong><span style=\"color: #d98573;\">Pochop\u00ed\u0161 obdobie detstva a dospievania, to \u010do ti mali rodi\u010dia odovzda\u0165.<\/span>\u00a0<\/strong><br \/>Ve\u013ea na\u0161ich zranen\u00ed a obmedzen\u00ed vznik\u00e1 pr\u00e1ve v detstve. Ale donekone\u010dna sa vyhov\u00e1ra\u0165 na svojich rodi\u010dov, nie je cesta. Je \u010das prevzia\u0165 svoj \u017eivot do vlastn\u00fdch r\u00fak.<\/li>\n<!-- \/wp:list-item --><!-- wp:list-item -->\n<li><span style=\"color: #d98573;\"><strong>Rozbor jedn\u00e9ho tvojho vz\u0165ahu pod\u013ea v\u00fdberu.\u00a0<\/strong><\/span><br \/>Ak\u00e9 s\u00fa dary tvojho vz\u0165ahu, jeho poslanie a k\u013e\u00fa\u010d k naplneniu poslania. Dozvie\u0161 sa \u010di tvoj vz\u0165ah je v\u00fdvojov\u00fd, alebo karmick\u00fd.<\/li>\n<li><span style=\"color: #d98573;\"><strong>Nasmerujeme tvoju cestu<\/strong><\/span>, ak si na r\u00e1zcest\u00ed,\u00a0 nevie\u0161 sa pohn\u00fa\u0165 \u010falej, alebo sa nevie\u0161 rozhodn\u00fa\u0165.\u00a0<\/li>\n<!-- \/wp:list-item --><!-- wp:list-item --><!-- \/wp:list-item --><!-- wp:list-item -->\n<li><span style=\"color: #d98573;\"><strong>Individu\u00e1lny mentoring.\u00a0<\/strong><\/span><\/li>\n<!-- \/wp:list-item --><\/ul>\n<p><!-- \/wp:list --><!-- wp:heading --><\/p>\n<p><!-- \/wp:paragraph --><\/p>\t\t\t\t\t\t\t\t<\/div>\n\t\t\t\t<\/div>\n\t\t\t\t<\/div>\n\t\t<div class=\"elementor-element elementor-element-5880d1b e-con-full e-flex e-con e-child\" data-id=\"5880d1b\" data-element_type=\"container\">\n\t\t\t\t<div class=\"elementor-element elementor-element-050d0fa elementor-widget elementor-widget-image\" data-id=\"050d0fa\" data-element_type=\"widget\" data-widget_type=\"image.default\">\n\t\t\t\t<div class=\"elementor-widget-container\">\n\t\t\t\t\t\t\t\t\t\t\t\t\t\t\t<img fetchpriority=\"high\" decoding=\"async\" width=\"800\" height=\"800\" src=\"https:\/\/mona-space.sk\/wp-content\/uploads\/2024\/12\/ilustraciaA-1024x1024.jpg\" class=\"attachment-large size-large wp-image-199\" alt=\"\" \/>\t\t\t\t\t\t\t\t\t\t\t\t\t\t\t<\/div>\n\t\t\t\t<\/div>\n\t\t\t\t<\/div>\n\t\t\t\t\t<\/div>\n\t\t\t\t<\/div>\n\t\t<div class=\"elementor-element elementor-element-de30112 e-flex e-con-boxed e-con e-parent\" data-id=\"de30112\" data-element_type=\"container\">\n\t\t\t\t\t<div class=\"e-con-inner\">\n\t\t<div class=\"elementor-element elementor-element-6255069 e-con-full e-flex e-con e-child\" data-id=\"6255069\" data-element_type=\"container\">\n\t\t\t\t<div class=\"elementor-element elementor-element-4b29038 elementor-widget elementor-widget-text-editor\" data-id=\"4b29038\" data-element_type=\"widget\" data-widget_type=\"text-editor.default\">\n\t\t\t\t<div class=\"elementor-widget-container\">\n\t\t\t\t\t\t\t\t\t<h2 class=\"wp-block-heading\">\u00a0 \u00a0 \u00a0\u010co z\u00ed\u0161ka\u0161:<\/h2>\n<ul class=\"wp-block-list\">\n<li>Za\u010dne\u0161 sa zameriava\u0165 na to, \u00a0\u010do je d\u00f4le\u017eit\u00e9 nielen pre teba, ale aj tvoj vz\u0165ah.<\/li>\n<!-- \/wp:list-item --><!-- wp:list-item -->\n<li>Dozvie\u0161 sa n\u00e1stroje tvojho \u017eivotn\u00e9ho poslania, aby si sa k\u00a0nemu \u013eah\u0161ie<\/li>\n<!-- \/wp:list-item --><!-- wp:list-item -->\n<li>dopracovala.<\/li>\n<!-- \/wp:list-item --><!-- wp:list-item -->\n<li>Pochop\u00ed\u0161 pre\u010do ti prich\u00e1dzaj\u00fa do\u00a0\u017eivota ur\u010dit\u00e9 situ\u00e1cie a\u00a0\u010do ti chc\u00fa poveda\u0165.<\/li>\n<!-- \/wp:list-item --><!-- wp:list-item -->\n<li>Bude\u0161 vedie\u0165 robi\u0165 lep\u0161ie rozhodnutia.<\/li>\n<!-- \/wp:list-item --><!-- wp:list-item -->\n<li>Zlep\u0161ia sa ti vz\u0165ahy.<\/li>\n<!-- \/wp:list-item --><!-- wp:list-item -->\n<li>Bude\u0161 \u00a0reagova\u0165 na\u00a0\u017eivotn\u00e9 situ\u00e1cie ove\u013ea pokojnej\u0161ie.<\/li>\n<!-- \/wp:list-item --><!-- wp:list-item -->\n<li>M\u00f4\u017ee\u0161 zastavi\u0165 opakovanie ch\u00fdb a\u00a0pohn\u00fa\u0165 sa dopredu.<\/li>\n<!-- \/wp:list-item --><!-- wp:list-item -->\n<li>Z\u00edska\u0161 d\u00f4veru vo vlastn\u00e9 schopnosti.<\/li>\n<\/ul>\t\t\t\t\t\t\t\t<\/div>\n\t\t\t\t<\/div>\n\t\t\t\t<\/div>\n\t\t<div class=\"elementor-element elementor-element-56c1f3d e-con-full e-flex e-con e-child\" data-id=\"56c1f3d\" data-element_type=\"container\">\n\t\t\t\t<div class=\"elementor-element elementor-element-dfdb6d6 elementor-widget elementor-widget-html\" data-id=\"dfdb6d6\" data-element_type=\"widget\" data-widget_type=\"html.default\">\n\t\t\t\t<div class=\"elementor-widget-container\">\n\t\t\t\t\t<style>\n.consultation-card {\n  background-color: #fdeff2; \n  border: 8px solid #D98573;\n  padding: 40px;\n  width: 400px;\n  text-align: center;\n  font-family: Arial, sans-serif;\n  box-sizing: border-box;\n  margin: 0 auto;\n}\n\n.consultation-title {\n  font-size: 28px;\n  margin: 0 0 20px 0;\n  line-height: 1.3;\n}\n\n.consultation-price {\n  font-size: 32px;\n  margin: 0;\n  font-weight: bold;\n}\n\n@media screen and (max-width: 500px) {\n  .consultation-card {\n    width: 90%;\n    padding: 5%;\n  }\n  \n  .consultation-title {\n    font-size: clamp(20px, 5vw, 28px);\n  }\n  \n  .consultation-price {\n    font-size: clamp(24px, 6vw, 32px);\n  }\n}\n<\/style>\n\n<div class=\"consultation-card\">\n  <h1 class=\"consultation-title\">\n    Individu\u00e1lna konzult\u00e1cia<br>\n    s moj\u00edm veden\u00edm<br>\n    (online \/ osobne)\n  <\/h1>\n  \n  <p class=\"consultation-price\">\n    90 eur\/ 1.5 hodiny\n  <\/p>\n<\/div>\t\t\t\t<\/div>\n\t\t\t\t<\/div>\n\t\t\t\t<\/div>\n\t\t\t\t\t<\/div>\n\t\t\t\t<\/div>\n\t\t\t\t<\/div>\n\t\t","protected":false},"excerpt":{"rendered":"<p>\u010co sa dozvie\u0161 a pochop\u00ed\u0161: Tvoje dary a vlastnosti, ktor\u00e9 m\u00f4\u017ee\u0161 rozv\u00edja\u0165.\u00a0Ka\u017ed\u00fd sme v nie\u010dom v\u00fdnimo\u010dn\u00fd, \u010dastokr\u00e1t o t\u00fdchto daroch ani nevieme, alebo ich pova\u017eujeme za nie\u010do prirodzen\u00e9. Ak si ich zvedom\u00ed\u0161 vie\u0161 s nimi lep\u0161ie pracova\u0165. Tvoje strachy, obmedzenia a v\u00fdzvy.\u00a0Ke\u010f ich bude\u0161 pozna\u0165, m\u00f4\u017ee\u0161 s nimi vedome za\u010da\u0165 pracova\u0165 a tvoj \u017eivot sa [&hellip;]<\/p>\n","protected":false},"author":1,"featured_media":0,"parent":0,"menu_order":0,"comment_status":"closed","ping_status":"closed","template":"","meta":{"footnotes":""},"class_list":["post-87","page","type-page","status-publish","hentry"],"rttpg_featured_image_url":null,"rttpg_author":{"display_name":"kristian","author_link":"https:\/\/mona-space.sk\/?author=1"},"rttpg_comment":0,"rttpg_category":null,"rttpg_excerpt":"\u010co sa dozvie\u0161 a pochop\u00ed\u0161: Tvoje dary a vlastnosti, ktor\u00e9 m\u00f4\u017ee\u0161 rozv\u00edja\u0165.\u00a0Ka\u017ed\u00fd sme v nie\u010dom v\u00fdnimo\u010dn\u00fd, \u010dastokr\u00e1t o t\u00fdchto daroch ani nevieme, alebo ich pova\u017eujeme za nie\u010do prirodzen\u00e9. Ak si ich zvedom\u00ed\u0161 vie\u0161 s nimi lep\u0161ie pracova\u0165. Tvoje strachy, obmedzenia a v\u00fdzvy.\u00a0Ke\u010f ich bude\u0161 pozna\u0165, m\u00f4\u017ee\u0161 s nimi vedome za\u010da\u0165 pracova\u0165 a tvoj \u017eivot sa&hellip;","_links":{"self":[{"href":"https:\/\/mona-space.sk\/index.php?rest_route=\/wp\/v2\/pages\/87","targetHints":{"allow":["GET"]}}],"collection":[{"href":"https:\/\/mona-space.sk\/index.php?rest_route=\/wp\/v2\/pages"}],"about":[{"href":"https:\/\/mona-space.sk\/index.php?rest_route=\/wp\/v2\/types\/page"}],"author":[{"embeddable":true,"href":"https:\/\/mona-space.sk\/index.php?rest_route=\/wp\/v2\/users\/1"}],"replies":[{"embeddable":true,"href":"https:\/\/mona-space.sk\/index.php?rest_route=%2Fwp%2Fv2%2Fcomments&post=87"}],"version-history":[{"count":30,"href":"https:\/\/mona-space.sk\/index.php?rest_route=\/wp\/v2\/pages\/87\/revisions"}],"predecessor-version":[{"id":720,"href":"https:\/\/mona-space.sk\/index.php?rest_route=\/wp\/v2\/pages\/87\/revisions\/720"}],"wp:attachment":[{"href":"https:\/\/mona-space.sk\/index.php?rest_route=%2Fwp%2Fv2%2Fmedia&parent=87"}],"curies":[{"name":"wp","href":"https:\/\/api.w.org\/{rel}","templated":true}]}}