{"id":875,"date":"2025-08-07T12:01:32","date_gmt":"2025-08-07T12:01:32","guid":{"rendered":"https:\/\/mona-space.sk\/?page_id=875"},"modified":"2025-08-11T10:59:07","modified_gmt":"2025-08-11T10:59:07","slug":"joga","status":"publish","type":"page","link":"https:\/\/mona-space.sk\/?page_id=875","title":{"rendered":"J\u00f3ga"},"content":{"rendered":"\t\t<div data-elementor-type=\"wp-page\" data-elementor-id=\"875\" class=\"elementor elementor-875\">\n\t\t\t\t<div class=\"elementor-element elementor-element-4ecb29c e-flex e-con-boxed e-con e-parent\" data-id=\"4ecb29c\" data-element_type=\"container\">\n\t\t\t\t\t<div class=\"e-con-inner\">\n\t\t<div class=\"elementor-element elementor-element-2e3687e e-con-full e-flex e-con e-child\" data-id=\"2e3687e\" data-element_type=\"container\">\n\t\t\t\t<div class=\"elementor-element elementor-element-c332138 elementor-widget elementor-widget-heading\" data-id=\"c332138\" data-element_type=\"widget\" data-widget_type=\"heading.default\">\n\t\t\t\t<div class=\"elementor-widget-container\">\n\t\t\t\t\t<h2 class=\"elementor-heading-title elementor-size-default\">J\u00f3ga pre zdrav\u00fd chrb\u00e1t<\/h2>\t\t\t\t<\/div>\n\t\t\t\t<\/div>\n\t\t\t\t<div class=\"elementor-element elementor-element-7062d37 elementor-widget elementor-widget-text-editor\" data-id=\"7062d37\" data-element_type=\"widget\" data-widget_type=\"text-editor.default\">\n\t\t\t\t<div class=\"elementor-widget-container\">\n\t\t\t\t\t\t\t\t\t<p>T\u00e1to lekcia je zameran\u00e1 na prevenciu a uvo\u013enenie bolest\u00ed chrbtice sp\u00f4soben\u00fdch sedav\u00fdm sp\u00f4sobom \u017eivota, stresom \u010di jednostrann\u00fdm za\u0165a\u017een\u00edm. Venujeme sa posilneniu hlbok\u00e9ho<br \/>stabiliza\u010dn\u00e9ho syst\u00e9mu, natiahnutiu skr\u00e1ten\u00fdch svalov a zlep\u0161eniu dr\u017eania tela. Hodiny s\u00fa veden\u00e9 v pomalom tempe s d\u00f4razom na vedom\u00fd pohyb a spr\u00e1vne d\u00fdchanie. Vhodn\u00e9 pre v\u0161etky vekov\u00e9 kateg\u00f3rie aj \u00fapln\u00fdch za\u010diato\u010dn\u00edkov.<\/p><p>Na z\u00e1ver lekcie je ob\u013e\u00faben\u00e1 relaxa\u010dn\u00e1 \u010das\u0165 s jemnou hudbou, s prvkami mindfulness. Je to ten \u010das, kedy sa m\u00f4\u017eeme \u00faplne uvo\u013eni\u0165, vypn\u00fa\u0165 myse\u013e a spoji\u0165 sa so sebou. S\u00fa\u010das\u0165ou tejto \u010dasti je aj aromaterapia vo forme \u010dist\u00fdch esenci\u00e1lnych olejov.<\/p><p><strong>Joga zdrav\u00fd chrb\u00e1t pom\u00e1ha pri:<\/strong>\u00a0\u00a0<\/p><p><strong>\ud83e\uddd8\ud83c\udffb\u200d\u2640\ufe0f<\/strong>bolestiach chrbta a krku<br \/><strong>\ud83e\uddd8\ud83c\udffb\u200d\u2640\ufe0f<\/strong>zlom dr\u017ean\u00ed tela<br \/><strong>\ud83e\uddd8\ud83c\udffb\u200d\u2640\ufe0f<\/strong>stuhnutosti a strese<br \/><strong>\ud83e\uddd8\ud83c\udffb\u200d\u2640\ufe0f<\/strong>sedavom zamestnan\u00ed<\/p>\t\t\t\t\t\t\t\t<\/div>\n\t\t\t\t<\/div>\n\t\t\t\t<\/div>\n\t\t<div class=\"elementor-element elementor-element-2627868 e-con-full e-flex e-con e-child\" data-id=\"2627868\" data-element_type=\"container\">\n\t\t\t\t<div class=\"elementor-element elementor-element-0f8202b elementor-widget elementor-widget-image-gallery\" data-id=\"0f8202b\" data-element_type=\"widget\" data-widget_type=\"image-gallery.default\">\n\t\t\t\t<div class=\"elementor-widget-container\">\n\t\t\t\t\t\t\t<div class=\"elementor-image-gallery\">\n\t\t\t<div id='gallery-1' class='gallery galleryid-875 gallery-columns-3 gallery-size-thumbnail'><figure class='gallery-item'>\n\t\t\t<div class='gallery-icon portrait'>\n\t\t\t\t<a data-elementor-open-lightbox=\"yes\" data-elementor-lightbox-slideshow=\"0f8202b\" data-elementor-lightbox-title=\"obr.2(1)\" data-e-action-hash=\"#elementor-action%3Aaction%3Dlightbox%26settings%3DeyJpZCI6ODg1LCJ1cmwiOiJodHRwczpcL1wvbW9uYS1zcGFjZS5za1wvd3AtY29udGVudFwvdXBsb2Fkc1wvMjAyNVwvMDhcL29ici4yMS1zY2FsZWQuanBlZyIsInNsaWRlc2hvdyI6IjBmODIwMmIifQ%3D%3D\" href='https:\/\/mona-space.sk\/wp-content\/uploads\/2025\/08\/obr.21-scaled.jpeg'><img decoding=\"async\" width=\"150\" height=\"150\" src=\"https:\/\/mona-space.sk\/wp-content\/uploads\/2025\/08\/obr.21-150x150.jpeg\" class=\"attachment-thumbnail size-thumbnail\" alt=\"\" \/><\/a>\n\t\t\t<\/div><\/figure><figure class='gallery-item'>\n\t\t\t<div class='gallery-icon portrait'>\n\t\t\t\t<a data-elementor-open-lightbox=\"yes\" data-elementor-lightbox-slideshow=\"0f8202b\" data-elementor-lightbox-title=\"obr.3(1)\" data-e-action-hash=\"#elementor-action%3Aaction%3Dlightbox%26settings%3DeyJpZCI6ODg2LCJ1cmwiOiJodHRwczpcL1wvbW9uYS1zcGFjZS5za1wvd3AtY29udGVudFwvdXBsb2Fkc1wvMjAyNVwvMDhcL29ici4zMS1zY2FsZWQuanBlZyIsInNsaWRlc2hvdyI6IjBmODIwMmIifQ%3D%3D\" href='https:\/\/mona-space.sk\/wp-content\/uploads\/2025\/08\/obr.31-scaled.jpeg'><img decoding=\"async\" width=\"150\" height=\"150\" src=\"https:\/\/mona-space.sk\/wp-content\/uploads\/2025\/08\/obr.31-150x150.jpeg\" class=\"attachment-thumbnail size-thumbnail\" alt=\"\" \/><\/a>\n\t\t\t<\/div><\/figure><figure class='gallery-item'>\n\t\t\t<div class='gallery-icon portrait'>\n\t\t\t\t<a data-elementor-open-lightbox=\"yes\" data-elementor-lightbox-slideshow=\"0f8202b\" data-elementor-lightbox-title=\"obr.1(1)\" data-e-action-hash=\"#elementor-action%3Aaction%3Dlightbox%26settings%3DeyJpZCI6ODg3LCJ1cmwiOiJodHRwczpcL1wvbW9uYS1zcGFjZS5za1wvd3AtY29udGVudFwvdXBsb2Fkc1wvMjAyNVwvMDhcL29ici4xMS1zY2FsZWQuanBlZyIsInNsaWRlc2hvdyI6IjBmODIwMmIifQ%3D%3D\" href='https:\/\/mona-space.sk\/wp-content\/uploads\/2025\/08\/obr.11-scaled.jpeg'><img decoding=\"async\" width=\"150\" height=\"150\" src=\"https:\/\/mona-space.sk\/wp-content\/uploads\/2025\/08\/obr.11-150x150.jpeg\" class=\"attachment-thumbnail size-thumbnail\" alt=\"\" \/><\/a>\n\t\t\t<\/div><\/figure><figure class='gallery-item'>\n\t\t\t<div class='gallery-icon portrait'>\n\t\t\t\t<a data-elementor-open-lightbox=\"yes\" data-elementor-lightbox-slideshow=\"0f8202b\" data-elementor-lightbox-title=\"salon 2(1)\" data-e-action-hash=\"#elementor-action%3Aaction%3Dlightbox%26settings%3DeyJpZCI6ODg4LCJ1cmwiOiJodHRwczpcL1wvbW9uYS1zcGFjZS5za1wvd3AtY29udGVudFwvdXBsb2Fkc1wvMjAyNVwvMDhcL3NhbG9uLTIxLmpwZWciLCJzbGlkZXNob3ciOiIwZjgyMDJiIn0%3D\" href='https:\/\/mona-space.sk\/wp-content\/uploads\/2025\/08\/salon-21.jpeg'><img loading=\"lazy\" decoding=\"async\" width=\"150\" height=\"150\" src=\"https:\/\/mona-space.sk\/wp-content\/uploads\/2025\/08\/salon-21-150x150.jpeg\" class=\"attachment-thumbnail size-thumbnail\" alt=\"\" \/><\/a>\n\t\t\t<\/div><\/figure><figure class='gallery-item'>\n\t\t\t<div class='gallery-icon portrait'>\n\t\t\t\t<a data-elementor-open-lightbox=\"yes\" data-elementor-lightbox-slideshow=\"0f8202b\" data-elementor-lightbox-title=\"salon 4(1)\" data-e-action-hash=\"#elementor-action%3Aaction%3Dlightbox%26settings%3DeyJpZCI6ODg5LCJ1cmwiOiJodHRwczpcL1wvbW9uYS1zcGFjZS5za1wvd3AtY29udGVudFwvdXBsb2Fkc1wvMjAyNVwvMDhcL3NhbG9uLTQxLmpwZWciLCJzbGlkZXNob3ciOiIwZjgyMDJiIn0%3D\" href='https:\/\/mona-space.sk\/wp-content\/uploads\/2025\/08\/salon-41.jpeg'><img loading=\"lazy\" decoding=\"async\" width=\"150\" height=\"150\" src=\"https:\/\/mona-space.sk\/wp-content\/uploads\/2025\/08\/salon-41-150x150.jpeg\" class=\"attachment-thumbnail size-thumbnail\" alt=\"\" \/><\/a>\n\t\t\t<\/div><\/figure><figure class='gallery-item'>\n\t\t\t<div class='gallery-icon portrait'>\n\t\t\t\t<a data-elementor-open-lightbox=\"yes\" data-elementor-lightbox-slideshow=\"0f8202b\" data-elementor-lightbox-title=\"foto salon(1)\" data-e-action-hash=\"#elementor-action%3Aaction%3Dlightbox%26settings%3DeyJpZCI6ODkwLCJ1cmwiOiJodHRwczpcL1wvbW9uYS1zcGFjZS5za1wvd3AtY29udGVudFwvdXBsb2Fkc1wvMjAyNVwvMDhcL2ZvdG8tc2Fsb24xLmpwZWciLCJzbGlkZXNob3ciOiIwZjgyMDJiIn0%3D\" href='https:\/\/mona-space.sk\/wp-content\/uploads\/2025\/08\/foto-salon1.jpeg'><img loading=\"lazy\" decoding=\"async\" width=\"150\" height=\"150\" src=\"https:\/\/mona-space.sk\/wp-content\/uploads\/2025\/08\/foto-salon1-150x150.jpeg\" class=\"attachment-thumbnail size-thumbnail\" alt=\"\" \/><\/a>\n\t\t\t<\/div><\/figure>\n\t\t<\/div>\n\t\t<\/div>\n\t\t\t\t\t\t<\/div>\n\t\t\t\t<\/div>\n\t\t\t\t<\/div>\n\t\t\t\t\t<\/div>\n\t\t\t\t<\/div>\n\t\t<div class=\"elementor-element elementor-element-eb236fc e-flex e-con-boxed e-con e-parent\" data-id=\"eb236fc\" data-element_type=\"container\">\n\t\t\t\t\t<div class=\"e-con-inner\">\n\t\t<div class=\"elementor-element elementor-element-77ff1df e-con-full e-flex e-con e-child\" data-id=\"77ff1df\" data-element_type=\"container\">\n\t\t\t\t<div class=\"elementor-element elementor-element-34c6bab elementor-widget elementor-widget-heading\" data-id=\"34c6bab\" data-element_type=\"widget\" data-widget_type=\"heading.default\">\n\t\t\t\t<div class=\"elementor-widget-container\">\n\t\t\t\t\t<h2 class=\"elementor-heading-title elementor-size-default\">Power joga<\/h2>\t\t\t\t<\/div>\n\t\t\t\t<\/div>\n\t\t\t\t<div class=\"elementor-element elementor-element-0a27dd6 elementor-widget elementor-widget-text-editor\" data-id=\"0a27dd6\" data-element_type=\"widget\" data-widget_type=\"text-editor.default\">\n\t\t\t\t<div class=\"elementor-widget-container\">\n\t\t\t\t\t\t\t\t\t<p>Dynamickej\u0161ia lekcia, kde sa telo zahrieva, spev\u0148uje a na\u0165ahuje v plynulom tempe. Zameran\u00e1\u00a0<span style=\"font-size: 1rem;\">je na budovanie sily, flexibility a vytrvalosti. Pracujeme s vlastnou v\u00e1hou tela, plynule\u00a0<\/span><span style=\"font-size: 1rem;\">prech\u00e1dzame medzi poz\u00edciami (flow) a zap\u00e1jame stred tela.<\/span><\/p><p>Power joga je ide\u00e1lna pre t\u00fdch, ktor\u00ed h\u013eadaj\u00fa akt\u00edvnej\u0161\u00ed pr\u00edstup k joge a z\u00e1rove\u0148 si chc\u00fa\u00a0<span style=\"font-size: 1rem;\">vy\u010disti\u0165 myse\u013e cez intenz\u00edvny pohyb.<\/span><\/p><p>Na z\u00e1ver n\u00e1s \u010dak\u00e1 relax\u00e1cia s podporou aromaterapie. Ako bonus si klienti u\u017e\u00edvaj\u00fa\u00a0<span style=\"font-size: 1rem;\"><b>nahrievan\u00fd levandu\u013eov\u00fd uter\u00e1\u010dik na \u010dele<\/b>, alebo in\u00fd sp\u00f4sob aromaterapie, ktor\u00fd prehlbuje\u00a0<\/span><span style=\"font-size: 1rem;\">uvo\u013enenie a navodzuje pocit pokoja.<\/span><\/p><p><b>Pom\u00e1ha pri:<\/b>\u00a0\u00a0<\/p><p>\ud83d\udcaa\ud83c\udffb spevnen\u00ed tela<br \/><span style=\"font-size: 1rem;\">\ud83d\udcaa\ud83c\udffb <\/span>spa\u013eovan\u00ed energie<br \/><span style=\"font-size: 1rem;\">\ud83d\udcaa\ud83c\udffb <\/span>zlep\u0161en\u00ed rovnov\u00e1hy a mobility<br \/><span style=\"font-size: 1rem;\">\ud83d\udcaa\ud83c\udffb\u00a0<\/span>odb\u00faran\u00ed stresu a nap\u00e4tia<\/p>\t\t\t\t\t\t\t\t<\/div>\n\t\t\t\t<\/div>\n\t\t\t\t<\/div>\n\t\t<div class=\"elementor-element elementor-element-25fa277 e-con-full e-flex e-con e-child\" data-id=\"25fa277\" data-element_type=\"container\">\n\t\t\t\t<div class=\"elementor-element elementor-element-c7a0691 elementor-widget elementor-widget-heading\" data-id=\"c7a0691\" data-element_type=\"widget\" data-widget_type=\"heading.default\">\n\t\t\t\t<div class=\"elementor-widget-container\">\n\t\t\t\t\t<h2 class=\"elementor-heading-title elementor-size-default\">\u010co si odnesie\u0161<\/h2>\t\t\t\t<\/div>\n\t\t\t\t<\/div>\n\t\t\t\t<div class=\"elementor-element elementor-element-48b41a5 elementor-widget elementor-widget-text-editor\" data-id=\"48b41a5\" data-element_type=\"widget\" data-widget_type=\"text-editor.default\">\n\t\t\t\t<div class=\"elementor-widget-container\">\n\t\t\t\t\t\t\t\t\t<p>Klientom sa sna\u017e\u00edm odovzda\u0165 viac ne\u017e len pohyb. Moje hodiny vediem, tak aby sme vyva\u017eovali v\u00fdkon, prekon\u00e1vanie nekomfortu spolu so spomalen\u00edm, st\u00ed\u0161en\u00edm sa a\u00a0vn\u00edman\u00edm pr\u00edtomn\u00e9ho okam\u017eiku.<br \/>Z\u00e1rove\u0148 im pon\u00fakam benefity, ktor\u00e9 celkov\u00fd z\u00e1\u017eitok e\u0161te viac preh\u013abia: aromaterapiu, mindfulnes, medit\u00e1cie a kr\u00e1sny, harmonick\u00fd priestor n\u00e1\u0161ho centra, ktor\u00fd podpor\u00ed relax a\u00a0pocit bezpe\u010dia.<\/p><p>Joga nie je len fyzick\u00e9 cvi\u010denie, ale je to splynutie dychu, tela a du\u0161e. Tie pocity , ktor\u00e9\u00a0<span style=\"font-size: 1rem;\">pre\u017e\u00edvam po odcvi\u010den\u00ed , \u013eahkos\u0165, spokojnos\u0165, rados\u0165, chcem odovzd\u00e1va\u0165 mojim klientom, aby\u00a0<\/span><span style=\"font-size: 1rem;\">\u00a0aj oni poci\u0165ovali blahod\u00e1rne \u00fa\u010dinky jogy v ka\u017edodennom \u017eivote.<\/span><\/p><p>Okrem cvi\u010denia sa sna\u017e\u00edm odovzda\u0165 moj\u00edm klientkam:<\/p><p><span style=\"font-size: 1rem;\">&#8211; \u017ee pevnos\u0165 tela im prinesie aj v\u00e4\u010d\u0161iu pevnos\u0165 v \u017eivote,<br \/><\/span><span style=\"font-size: 1rem;\">&#8211; \u017ee, to ako sa dok\u00e1\u017eu postavi\u0165 k v\u00fdzvam na podlo\u017eke, im pom\u00f4\u017ee sa potom postavi\u0165 aj k\u00a0<\/span><span style=\"font-size: 1rem;\">v\u00fdzvam v \u017eivote<br \/>&#8211;\u00a0<\/span>\u010d\u00edm s\u00fa ohybnej\u0161ie a flexibilnej\u0161ie fyzicky, t\u00fdm s\u00fa ohybnej\u0161ie a flexibilnej\u0161ie aj v \u017eivote, \u013eah\u0161ie\u00a0<span style=\"font-size: 1rem;\">id\u00fa za svojimi cie\u013emi a snami<br \/>&#8211;\u00a0<\/span>\u017ee ak viacej otvoria hrudn\u00edk , vystr\u00fa sa, tak sa otvoria viac \u017eivotu a povedia mu \u00c1NO.\u00a0<\/p><p>Na\u0161e jogov\u00e9 centrum sa nach\u00e1dza v Bernol\u00e1kove. V pr\u00edpade z\u00e1ujmu o hodiny jogy ma kontaktujte mailom, alebo cez soci\u00e1lne siete.\u00a0<\/p>\t\t\t\t\t\t\t\t<\/div>\n\t\t\t\t<\/div>\n\t\t\t\t<\/div>\n\t\t\t\t\t<\/div>\n\t\t\t\t<\/div>\n\t\t<div class=\"elementor-element elementor-element-9a237ca e-flex e-con-boxed e-con e-parent\" data-id=\"9a237ca\" data-element_type=\"container\">\n\t\t\t\t\t<div class=\"e-con-inner\">\n\t\t\t\t<div class=\"elementor-element elementor-element-51e1c5b elementor-widget elementor-widget-text-editor\" data-id=\"51e1c5b\" data-element_type=\"widget\" data-widget_type=\"text-editor.default\">\n\t\t\t\t<div class=\"elementor-widget-container\">\n\t\t\t\t\t\t\t\t\t<blockquote><span style=\"color: #d98573;\"><strong><em>Tvoje telo nepotrebuje dokonalos\u0165, ale tvoje rozhodnutie za\u010da\u0165 pr\u00e1ve teraz<\/em>\ud83e\uddd8\ud83c\udffc\u200d\u2640\ufe0f<\/strong><\/span><\/blockquote>\t\t\t\t\t\t\t\t<\/div>\n\t\t\t\t<\/div>\n\t\t\t\t\t<\/div>\n\t\t\t\t<\/div>\n\t\t<div class=\"elementor-element elementor-element-685c9e8 e-flex e-con-boxed e-con e-parent\" data-id=\"685c9e8\" data-element_type=\"container\">\n\t\t\t\t\t<div class=\"e-con-inner\">\n\t\t\t\t<div class=\"elementor-element elementor-element-20ef24b elementor-widget elementor-widget-heading\" data-id=\"20ef24b\" data-element_type=\"widget\" data-widget_type=\"heading.default\">\n\t\t\t\t<div class=\"elementor-widget-container\">\n\t\t\t\t\t<h2 class=\"elementor-heading-title elementor-size-default\">Kvalifik\u00e1cia<\/h2>\t\t\t\t<\/div>\n\t\t\t\t<\/div>\n\t\t\t\t<div class=\"elementor-element elementor-element-e190988 elementor-widget elementor-widget-image\" data-id=\"e190988\" data-element_type=\"widget\" data-widget_type=\"image.default\">\n\t\t\t\t<div class=\"elementor-widget-container\">\n\t\t\t\t\t\t\t\t\t\t\t\t\t\t\t<img loading=\"lazy\" decoding=\"async\" width=\"768\" height=\"525\" src=\"https:\/\/mona-space.sk\/wp-content\/uploads\/2025\/08\/unnamed-file-768x525.jpg\" class=\"attachment-medium_large size-medium_large wp-image-1002\" alt=\"\" \/>\t\t\t\t\t\t\t\t\t\t\t\t\t\t\t<\/div>\n\t\t\t\t<\/div>\n\t\t\t\t\t<\/div>\n\t\t\t\t<\/div>\n\t\t\t\t<\/div>\n\t\t","protected":false},"excerpt":{"rendered":"<p>J\u00f3ga pre zdrav\u00fd chrb\u00e1t T\u00e1to lekcia je zameran\u00e1 na prevenciu a uvo\u013enenie bolest\u00ed chrbtice sp\u00f4soben\u00fdch sedav\u00fdm sp\u00f4sobom \u017eivota, stresom \u010di jednostrann\u00fdm za\u0165a\u017een\u00edm. Venujeme sa posilneniu hlbok\u00e9hostabiliza\u010dn\u00e9ho syst\u00e9mu, natiahnutiu skr\u00e1ten\u00fdch svalov a zlep\u0161eniu dr\u017eania tela. Hodiny s\u00fa veden\u00e9 v pomalom tempe s d\u00f4razom na vedom\u00fd pohyb a spr\u00e1vne d\u00fdchanie. Vhodn\u00e9 pre v\u0161etky vekov\u00e9 kateg\u00f3rie aj \u00fapln\u00fdch [&hellip;]<\/p>\n","protected":false},"author":1,"featured_media":0,"parent":176,"menu_order":0,"comment_status":"closed","ping_status":"closed","template":"","meta":{"footnotes":""},"class_list":["post-875","page","type-page","status-publish","hentry"],"rttpg_featured_image_url":null,"rttpg_author":{"display_name":"kristian","author_link":"https:\/\/mona-space.sk\/?author=1"},"rttpg_comment":0,"rttpg_category":null,"rttpg_excerpt":"J\u00f3ga pre zdrav\u00fd chrb\u00e1t T\u00e1to lekcia je zameran\u00e1 na prevenciu a uvo\u013enenie bolest\u00ed chrbtice sp\u00f4soben\u00fdch sedav\u00fdm sp\u00f4sobom \u017eivota, stresom \u010di jednostrann\u00fdm za\u0165a\u017een\u00edm. Venujeme sa posilneniu hlbok\u00e9hostabiliza\u010dn\u00e9ho syst\u00e9mu, natiahnutiu skr\u00e1ten\u00fdch svalov a zlep\u0161eniu dr\u017eania tela. Hodiny s\u00fa veden\u00e9 v pomalom tempe s d\u00f4razom na vedom\u00fd pohyb a spr\u00e1vne d\u00fdchanie. Vhodn\u00e9 pre v\u0161etky vekov\u00e9 kateg\u00f3rie aj \u00fapln\u00fdch&hellip;","_links":{"self":[{"href":"https:\/\/mona-space.sk\/index.php?rest_route=\/wp\/v2\/pages\/875","targetHints":{"allow":["GET"]}}],"collection":[{"href":"https:\/\/mona-space.sk\/index.php?rest_route=\/wp\/v2\/pages"}],"about":[{"href":"https:\/\/mona-space.sk\/index.php?rest_route=\/wp\/v2\/types\/page"}],"author":[{"embeddable":true,"href":"https:\/\/mona-space.sk\/index.php?rest_route=\/wp\/v2\/users\/1"}],"replies":[{"embeddable":true,"href":"https:\/\/mona-space.sk\/index.php?rest_route=%2Fwp%2Fv2%2Fcomments&post=875"}],"version-history":[{"count":19,"href":"https:\/\/mona-space.sk\/index.php?rest_route=\/wp\/v2\/pages\/875\/revisions"}],"predecessor-version":[{"id":1005,"href":"https:\/\/mona-space.sk\/index.php?rest_route=\/wp\/v2\/pages\/875\/revisions\/1005"}],"up":[{"embeddable":true,"href":"https:\/\/mona-space.sk\/index.php?rest_route=\/wp\/v2\/pages\/176"}],"wp:attachment":[{"href":"https:\/\/mona-space.sk\/index.php?rest_route=%2Fwp%2Fv2%2Fmedia&parent=875"}],"curies":[{"name":"wp","href":"https:\/\/api.w.org\/{rel}","templated":true}]}}