{"id":91,"date":"2024-11-09T18:20:08","date_gmt":"2024-11-09T18:20:08","guid":{"rendered":"https:\/\/mona-space.sk\/?page_id=91"},"modified":"2025-08-08T18:31:44","modified_gmt":"2025-08-08T18:31:44","slug":"numerologicka-transformacia","status":"publish","type":"page","link":"https:\/\/mona-space.sk\/?page_id=91","title":{"rendered":"Numerologick\u00e9 kurzy"},"content":{"rendered":"\t\t<div data-elementor-type=\"wp-page\" data-elementor-id=\"91\" class=\"elementor elementor-91\">\n\t\t\t\t<div class=\"elementor-element elementor-element-3cb6ede e-flex e-con-boxed e-con e-parent\" data-id=\"3cb6ede\" data-element_type=\"container\">\n\t\t\t\t\t<div class=\"e-con-inner\">\n\t\t\t\t\t<\/div>\n\t\t\t\t<\/div>\n\t\t<div class=\"elementor-element elementor-element-a5015cf e-flex e-con-boxed e-con e-parent\" data-id=\"a5015cf\" data-element_type=\"container\">\n\t\t\t\t\t<div class=\"e-con-inner\">\n\t\t<div class=\"elementor-element elementor-element-8215092 e-con-full e-flex e-con e-child\" data-id=\"8215092\" data-element_type=\"container\">\n\t\t\t\t<div class=\"elementor-element elementor-element-dd72e6c elementor-widget elementor-widget-text-editor\" data-id=\"dd72e6c\" data-element_type=\"widget\" data-widget_type=\"text-editor.default\">\n\t\t\t\t<div class=\"elementor-widget-container\">\n\t\t\t\t\t\t\t\t\t<h3 data-start=\"107\" data-end=\"171\"><strong data-start=\"114\" data-end=\"171\">Numerologick\u00fd kurz: Objav svoj k\u00f3d du\u0161e<\/strong><\/h3><p data-start=\"173\" data-end=\"306\">Ak \u0165a vol\u00e1 pochopenie \u010d\u00edsel, pridaj sa k n\u00e1m.<br data-start=\"218\" data-end=\"221\" \/>Tento kurz je pre v\u0161etk\u00fdch, ktor\u00ed c\u00edtia, \u017ee d\u00e1tum narodenia nie je n\u00e1hoda \u2013 ale k\u013e\u00fa\u010d.<\/p><h3 data-start=\"313\" data-end=\"350\"><strong data-start=\"319\" data-end=\"350\">\u010co ti numerol\u00f3gia prinesie?<\/strong><\/h3><ul data-start=\"352\" data-end=\"634\"><li data-start=\"352\" data-end=\"405\"><p data-start=\"354\" data-end=\"405\">\ud83c\udf40 Pochop\u00ed\u0161 svoje siln\u00e9 str\u00e1nky, dary a potenci\u00e1l<\/p><\/li><li data-start=\"352\" data-end=\"405\"><p data-start=\"354\" data-end=\"405\">\ud83c\udf40 Zist\u00ed\u0161, ako lep\u0161ie ch\u00e1pa\u0165 svojich bl\u00edzkych<\/p><\/li><li data-start=\"456\" data-end=\"515\"><p data-start=\"458\" data-end=\"515\">\ud83c\udf40 Nau\u010d\u00ed\u0161 sa vedome pracova\u0165 s osobn\u00fdmi rokmi a cyklami<\/p><\/li><li data-start=\"516\" data-end=\"575\"><p data-start=\"518\" data-end=\"575\">\ud83c\udf40 Priprav\u00ed\u0161 sa na v\u00fdzvy a premen\u00ed\u0161 ich na pr\u00edle\u017eitosti<\/p><\/li><li data-start=\"576\" data-end=\"634\"><p data-start=\"578\" data-end=\"634\">\ud83c\udf40 Nasmeruje\u0161 svoje deti pod\u013ea ich jedine\u010dn\u00fdch energi\u00ed<\/p><\/li><\/ul><h3 data-start=\"641\" data-end=\"673\"><strong data-start=\"651\" data-end=\"671\">Si podnikate\u013eka?<\/strong><\/h3><p data-start=\"674\" data-end=\"696\">Numerol\u00f3gia ti pom\u00f4\u017ee:<\/p><ul data-start=\"698\" data-end=\"913\"><li data-start=\"698\" data-end=\"775\"><p data-start=\"700\" data-end=\"775\">\ud83c\udf1f Nastavi\u0165 si ceny tak, aby boli v s\u00falade s tebou a prin\u00e1\u0161ali prosperitu<\/p><\/li><li data-start=\"776\" data-end=\"839\"><p data-start=\"778\" data-end=\"839\">\ud83c\udf1f Vyu\u017ei\u0165 vhodn\u00e9 obdobia na rast, invest\u00edcie a rozhodovanie<\/p><\/li><li data-start=\"840\" data-end=\"913\"><p data-start=\"842\" data-end=\"913\">\ud83c\udf1f Zlep\u0161i\u0165 spolupr\u00e1cu s partnermi a klientmi v s\u00falade s ich energiami<\/p><\/li><\/ul><h3 data-start=\"920\" data-end=\"938\"><strong data-start=\"927\" data-end=\"938\">O kurze<\/strong><\/h3><p data-start=\"940\" data-end=\"1031\">Tento kurz je <strong data-start=\"954\" data-end=\"976\">praktick\u00fd a osobn\u00fd<\/strong> \u2013 nau\u010d\u00ed\u0161 sa pou\u017e\u00edva\u0165 numerol\u00f3giu v ka\u017edodennom \u017eivote.<\/p><p data-start=\"1033\" data-end=\"1071\">\ud83d\uddd3 <strong data-start=\"1036\" data-end=\"1071\">Kurz je rozdelen\u00fd na dve \u010dasti:<\/strong><\/p><ul data-start=\"1073\" data-end=\"1324\"><li data-start=\"1073\" data-end=\"1200\"><p data-start=\"1075\" data-end=\"1200\"><strong data-start=\"1075\" data-end=\"1107\">1. v\u00edkend (sobota + nede\u013ea):<\/strong><br data-start=\"1107\" data-end=\"1110\" \/>z\u00e1klady numerol\u00f3gie, osobn\u00e9 \u010d\u00edsla, \u017eivotn\u00e9 cykly, osobn\u00e9 roky, v\u00fdklad d\u00e1tumu narodenia<\/p><\/li><li data-start=\"1202\" data-end=\"1324\"><p data-start=\"1204\" data-end=\"1324\"><strong data-start=\"1204\" data-end=\"1236\">2. v\u00edkend (sobota + nede\u013ea):<\/strong><br data-start=\"1236\" data-end=\"1239\" \/>partnersk\u00e9 s\u00favislosti, poslanie vz\u0165ahov, putuj\u00face du\u0161e, tarot a praktick\u00e9 rozbory<\/p><\/li><\/ul><p data-start=\"1326\" data-end=\"1545\">Po kurze nasleduj\u00fa <strong data-start=\"1352\" data-end=\"1374\">praktick\u00e9 tr\u00e9ningy<\/strong>, kde si v\u0161etko preh\u013abi\u0161 a nau\u010d\u00ed\u0161 sa robi\u0165 kompletn\u00e9 rozbory pre seba aj in\u00fdch.<br data-start=\"1453\" data-end=\"1456\" \/>Ako \u010dere\u0161ni\u010dka na torte si spolu rozoberieme tvoju rodinu, bl\u00edzkych a zn\u00e1me osobnosti.<\/p><h3 data-start=\"1552\" data-end=\"1651\"><em>Numerol\u00f3gia ti ned\u00e1va odpovede zvonka \u2013 pom\u00e1ha ti spozna\u0165 odpovede, ktor\u00e9 u\u017e m\u00e1\u0161 v sebe.<\/em><\/h3><p data-start=\"1653\" data-end=\"1694\">\ud83d\udc49 <strong data-start=\"1656\" data-end=\"1694\">Si pripraven\u00e1? Po\u010f do toho s nami.<\/strong><\/p><hr data-start=\"1696\" data-end=\"1699\" \/><h3 data-start=\"1701\" data-end=\"1750\"><strong data-start=\"1708\" data-end=\"1719\">Miesto:<\/strong> Bernol\u00e1kovo \u2013\u00a0 Mona space<\/h3><p data-start=\"1751\" data-end=\"1901\">\ud83d\udcc5 <strong data-start=\"1754\" data-end=\"1807\">Term\u00edn jesenn\u00e9ho kurzu 2025 e\u0161te nie je stanoven\u00fd<\/strong><br data-start=\"1807\" data-end=\"1810\" \/>Ak \u0165a kurz vol\u00e1, <strong data-start=\"1827\" data-end=\"1841\">ozvi sa mi<\/strong> a ja ti d\u00e1m vedie\u0165 medzi prv\u00fdmi, ke\u010f bude term\u00edn potvrden\u00fd.<\/p><p><!-- \/wp:paragraph --><\/p>\t\t\t\t\t\t\t\t<\/div>\n\t\t\t\t<\/div>\n\t\t\t\t<\/div>\n\t\t<div class=\"elementor-element elementor-element-a03d3d0 e-con-full e-flex e-con e-child\" data-id=\"a03d3d0\" data-element_type=\"container\">\n\t\t\t\t<div class=\"elementor-element elementor-element-6e671dc elementor-widget elementor-widget-text-editor\" data-id=\"6e671dc\" data-element_type=\"widget\" data-widget_type=\"text-editor.default\">\n\t\t\t\t<div class=\"elementor-widget-container\">\n\t\t\t\t\t\t\t\t\t<h3><strong>Numerologick\u00e1 kurz: Vz\u0165ahy, karma a prepojenia<\/strong><\/h3><p>Tento nadv\u00e4zuj\u00faci kurz je ur\u010den\u00fd pre v\u0161etk\u00fdch, ktor\u00ed absolvovali <strong>Numerologick\u00e9 z\u00e1klady<\/strong> a chc\u00fa \u00eds\u0165 e\u0161te hlb\u0161ie.<\/p><p>Zameriame sa na <strong>pokro\u010dil\u00e9 techniky v\u00fdkladu<\/strong> a ich <strong>prepojenie do celistv\u00e9ho numerologick\u00e9ho rozboru<\/strong>.<\/p><h3><strong>\u010co \u0165a v kurze \u010dak\u00e1?<\/strong><\/h3><ul><li>\ud83d\udd22 Detailn\u00e1 pr\u00e1ca s <strong>numerologickou mrie\u017ekou<\/strong><\/li><li>\ud83d\udc9e H\u013abkov\u00e9 porozumenie <strong>vz\u0165ahom<\/strong> \u2013 ich dar, poslanie a v\u00fdzvy<\/li><li>\u267b\ufe0f <strong>Karmick\u00e9 lekcie a sk\u00fa\u0161ky<\/strong> v \u010d\u00edseln\u00fdch s\u00favislostiach<\/li><li>\ud83e\udde9 Prep\u00e1janie \u010d\u00edsel do <strong>praktick\u00fdch a duchovn\u00fdch s\u00favislost\u00ed<\/strong><\/li><li>\ud83e\uddd8\u200d\u2640\ufe0f Rozv\u00edjanie <strong>intuit\u00edvneho v\u00fdkladu<\/strong> a <strong>praktick\u00e9 tr\u00e9ningy<\/strong><\/li><li>\u00a0<\/li><\/ul><p>V tomto kurze si uvedom\u00ed\u0161, ako v\u0161etko so v\u0161etk\u00fdm s\u00favis\u00ed a ako naplno vyu\u017ei\u0165 <strong>energiu \u010d\u00edsel vo vz\u0165ahoch, rozhodnutiach a \u017eivotn\u00fdch sk\u00fa\u0161kach<\/strong>.<\/p><p><!-- \/wp:paragraph --><\/p>\t\t\t\t\t\t\t\t<\/div>\n\t\t\t\t<\/div>\n\t\t<div class=\"elementor-element elementor-element-23c18e6 e-con-full e-flex e-con e-child\" data-id=\"23c18e6\" data-element_type=\"container\">\n\t\t\t\t<div class=\"elementor-element elementor-element-c3d5959 gallery-spacing-custom elementor-widget elementor-widget-image-gallery\" data-id=\"c3d5959\" data-element_type=\"widget\" data-widget_type=\"image-gallery.default\">\n\t\t\t\t<div class=\"elementor-widget-container\">\n\t\t\t\t\t\t\t<div class=\"elementor-image-gallery\">\n\t\t\t<div id='gallery-1' class='gallery galleryid-91 gallery-columns-3 gallery-size-medium'><figure class='gallery-item'>\n\t\t\t<div class='gallery-icon portrait'>\n\t\t\t\t<a data-elementor-open-lightbox=\"yes\" data-elementor-lightbox-slideshow=\"c3d5959\" data-elementor-lightbox-title=\"kurz2(1)\" data-e-action-hash=\"#elementor-action%3Aaction%3Dlightbox%26settings%3DeyJpZCI6OTEwLCJ1cmwiOiJodHRwczpcL1wvbW9uYS1zcGFjZS5za1wvd3AtY29udGVudFwvdXBsb2Fkc1wvMjAyNVwvMDhcL2t1cnoyMS1zY2FsZWQuanBlZyIsInNsaWRlc2hvdyI6ImMzZDU5NTkifQ%3D%3D\" href='https:\/\/mona-space.sk\/wp-content\/uploads\/2025\/08\/kurz21-scaled.jpeg'><img fetchpriority=\"high\" decoding=\"async\" width=\"225\" height=\"300\" src=\"https:\/\/mona-space.sk\/wp-content\/uploads\/2025\/08\/kurz21-225x300.jpeg\" class=\"attachment-medium size-medium\" alt=\"\" \/><\/a>\n\t\t\t<\/div><\/figure><figure class='gallery-item'>\n\t\t\t<div class='gallery-icon portrait'>\n\t\t\t\t<a data-elementor-open-lightbox=\"yes\" data-elementor-lightbox-slideshow=\"c3d5959\" data-elementor-lightbox-title=\"kurz 4(1)\" data-e-action-hash=\"#elementor-action%3Aaction%3Dlightbox%26settings%3DeyJpZCI6OTEyLCJ1cmwiOiJodHRwczpcL1wvbW9uYS1zcGFjZS5za1wvd3AtY29udGVudFwvdXBsb2Fkc1wvMjAyNVwvMDhcL2t1cnotNDEtc2NhbGVkLmpwZWciLCJzbGlkZXNob3ciOiJjM2Q1OTU5In0%3D\" href='https:\/\/mona-space.sk\/wp-content\/uploads\/2025\/08\/kurz-41-scaled.jpeg'><img decoding=\"async\" width=\"225\" height=\"300\" src=\"https:\/\/mona-space.sk\/wp-content\/uploads\/2025\/08\/kurz-41-225x300.jpeg\" class=\"attachment-medium size-medium\" alt=\"\" \/><\/a>\n\t\t\t<\/div><\/figure><figure class='gallery-item'>\n\t\t\t<div class='gallery-icon portrait'>\n\t\t\t\t<a data-elementor-open-lightbox=\"yes\" data-elementor-lightbox-slideshow=\"c3d5959\" data-elementor-lightbox-title=\"kurz5(1)\" data-e-action-hash=\"#elementor-action%3Aaction%3Dlightbox%26settings%3DeyJpZCI6OTExLCJ1cmwiOiJodHRwczpcL1wvbW9uYS1zcGFjZS5za1wvd3AtY29udGVudFwvdXBsb2Fkc1wvMjAyNVwvMDhcL2t1cno1MS1zY2FsZWQuanBlZyIsInNsaWRlc2hvdyI6ImMzZDU5NTkifQ%3D%3D\" href='https:\/\/mona-space.sk\/wp-content\/uploads\/2025\/08\/kurz51-scaled.jpeg'><img decoding=\"async\" width=\"225\" height=\"300\" src=\"https:\/\/mona-space.sk\/wp-content\/uploads\/2025\/08\/kurz51-225x300.jpeg\" class=\"attachment-medium size-medium\" alt=\"\" \/><\/a>\n\t\t\t<\/div><\/figure><figure class='gallery-item'>\n\t\t\t<div class='gallery-icon portrait'>\n\t\t\t\t<a data-elementor-open-lightbox=\"yes\" data-elementor-lightbox-slideshow=\"c3d5959\" data-elementor-lightbox-title=\"foto salon(1)\" data-e-action-hash=\"#elementor-action%3Aaction%3Dlightbox%26settings%3DeyJpZCI6ODkwLCJ1cmwiOiJodHRwczpcL1wvbW9uYS1zcGFjZS5za1wvd3AtY29udGVudFwvdXBsb2Fkc1wvMjAyNVwvMDhcL2ZvdG8tc2Fsb24xLmpwZWciLCJzbGlkZXNob3ciOiJjM2Q1OTU5In0%3D\" href='https:\/\/mona-space.sk\/wp-content\/uploads\/2025\/08\/foto-salon1.jpeg'><img loading=\"lazy\" decoding=\"async\" width=\"225\" height=\"300\" src=\"https:\/\/mona-space.sk\/wp-content\/uploads\/2025\/08\/foto-salon1-225x300.jpeg\" class=\"attachment-medium size-medium\" alt=\"\" \/><\/a>\n\t\t\t<\/div><\/figure><figure class='gallery-item'>\n\t\t\t<div class='gallery-icon portrait'>\n\t\t\t\t<a data-elementor-open-lightbox=\"yes\" data-elementor-lightbox-slideshow=\"c3d5959\" data-elementor-lightbox-title=\"salon 4(1)\" data-e-action-hash=\"#elementor-action%3Aaction%3Dlightbox%26settings%3DeyJpZCI6ODg5LCJ1cmwiOiJodHRwczpcL1wvbW9uYS1zcGFjZS5za1wvd3AtY29udGVudFwvdXBsb2Fkc1wvMjAyNVwvMDhcL3NhbG9uLTQxLmpwZWciLCJzbGlkZXNob3ciOiJjM2Q1OTU5In0%3D\" href='https:\/\/mona-space.sk\/wp-content\/uploads\/2025\/08\/salon-41.jpeg'><img loading=\"lazy\" decoding=\"async\" width=\"225\" height=\"300\" src=\"https:\/\/mona-space.sk\/wp-content\/uploads\/2025\/08\/salon-41-225x300.jpeg\" class=\"attachment-medium size-medium\" alt=\"\" \/><\/a>\n\t\t\t<\/div><\/figure><figure class='gallery-item'>\n\t\t\t<div class='gallery-icon portrait'>\n\t\t\t\t<a data-elementor-open-lightbox=\"yes\" data-elementor-lightbox-slideshow=\"c3d5959\" data-elementor-lightbox-title=\"salon 2(1)\" data-e-action-hash=\"#elementor-action%3Aaction%3Dlightbox%26settings%3DeyJpZCI6ODg4LCJ1cmwiOiJodHRwczpcL1wvbW9uYS1zcGFjZS5za1wvd3AtY29udGVudFwvdXBsb2Fkc1wvMjAyNVwvMDhcL3NhbG9uLTIxLmpwZWciLCJzbGlkZXNob3ciOiJjM2Q1OTU5In0%3D\" href='https:\/\/mona-space.sk\/wp-content\/uploads\/2025\/08\/salon-21.jpeg'><img loading=\"lazy\" decoding=\"async\" width=\"225\" height=\"300\" src=\"https:\/\/mona-space.sk\/wp-content\/uploads\/2025\/08\/salon-21-225x300.jpeg\" class=\"attachment-medium size-medium\" alt=\"\" \/><\/a>\n\t\t\t<\/div><\/figure>\n\t\t<\/div>\n\t\t<\/div>\n\t\t\t\t\t\t<\/div>\n\t\t\t\t<\/div>\n\t\t\t\t<\/div>\n\t\t\t\t<\/div>\n\t\t\t\t\t<\/div>\n\t\t\t\t<\/div>\n\t\t\t\t<\/div>\n\t\t","protected":false},"excerpt":{"rendered":"<p>Numerologick\u00fd kurz: Objav svoj k\u00f3d du\u0161e Ak \u0165a vol\u00e1 pochopenie \u010d\u00edsel, pridaj sa k n\u00e1m.Tento kurz je pre v\u0161etk\u00fdch, ktor\u00ed c\u00edtia, \u017ee d\u00e1tum narodenia nie je n\u00e1hoda \u2013 ale k\u013e\u00fa\u010d. \u010co ti numerol\u00f3gia prinesie? \ud83c\udf40 Pochop\u00ed\u0161 svoje siln\u00e9 str\u00e1nky, dary a potenci\u00e1l \ud83c\udf40 Zist\u00ed\u0161, ako lep\u0161ie ch\u00e1pa\u0165 svojich bl\u00edzkych \ud83c\udf40 Nau\u010d\u00ed\u0161 sa vedome pracova\u0165 s [&hellip;]<\/p>\n","protected":false},"author":1,"featured_media":0,"parent":0,"menu_order":0,"comment_status":"closed","ping_status":"closed","template":"","meta":{"footnotes":""},"class_list":["post-91","page","type-page","status-publish","hentry"],"rttpg_featured_image_url":null,"rttpg_author":{"display_name":"kristian","author_link":"https:\/\/mona-space.sk\/?author=1"},"rttpg_comment":0,"rttpg_category":null,"rttpg_excerpt":"Numerologick\u00fd kurz: Objav svoj k\u00f3d du\u0161e Ak \u0165a vol\u00e1 pochopenie \u010d\u00edsel, pridaj sa k n\u00e1m.Tento kurz je pre v\u0161etk\u00fdch, ktor\u00ed c\u00edtia, \u017ee d\u00e1tum narodenia nie je n\u00e1hoda \u2013 ale k\u013e\u00fa\u010d. \u010co ti numerol\u00f3gia prinesie? \ud83c\udf40 Pochop\u00ed\u0161 svoje siln\u00e9 str\u00e1nky, dary a potenci\u00e1l \ud83c\udf40 Zist\u00ed\u0161, ako lep\u0161ie ch\u00e1pa\u0165 svojich bl\u00edzkych \ud83c\udf40 Nau\u010d\u00ed\u0161 sa vedome pracova\u0165 s&hellip;","_links":{"self":[{"href":"https:\/\/mona-space.sk\/index.php?rest_route=\/wp\/v2\/pages\/91","targetHints":{"allow":["GET"]}}],"collection":[{"href":"https:\/\/mona-space.sk\/index.php?rest_route=\/wp\/v2\/pages"}],"about":[{"href":"https:\/\/mona-space.sk\/index.php?rest_route=\/wp\/v2\/types\/page"}],"author":[{"embeddable":true,"href":"https:\/\/mona-space.sk\/index.php?rest_route=\/wp\/v2\/users\/1"}],"replies":[{"embeddable":true,"href":"https:\/\/mona-space.sk\/index.php?rest_route=%2Fwp%2Fv2%2Fcomments&post=91"}],"version-history":[{"count":76,"href":"https:\/\/mona-space.sk\/index.php?rest_route=\/wp\/v2\/pages\/91\/revisions"}],"predecessor-version":[{"id":988,"href":"https:\/\/mona-space.sk\/index.php?rest_route=\/wp\/v2\/pages\/91\/revisions\/988"}],"wp:attachment":[{"href":"https:\/\/mona-space.sk\/index.php?rest_route=%2Fwp%2Fv2%2Fmedia&parent=91"}],"curies":[{"name":"wp","href":"https:\/\/api.w.org\/{rel}","templated":true}]}}